{"id":6426,"date":"2021-11-29T06:47:02","date_gmt":"2021-11-29T06:47:02","guid":{"rendered":"https:\/\/cieloeste.ir\/?page_id=6426"},"modified":"2021-11-29T07:01:53","modified_gmt":"2021-11-29T07:01:53","slug":"noticias","status":"publish","type":"page","link":"https:\/\/cieloeste.es\/es\/noticias\/","title":{"rendered":"Noticias"},"content":{"rendered":"<p>[vc_row][vc_column][vc_basic_grid post_type=\u00bbpost\u00bb max_items=\u00bb5&#8243; element_width=\u00bb12&#8243; gap=\u00bb10&#8243; grid_id=\u00bbvc_gid:1638168693349-f2c69d98-dd73-2&#8243; taxonomies=\u00bb31&#8243; exclude=\u00bb1319, 1321, 1323&#8243;][vc_column_text css=\u00bb.vc_custom_1638168680997{padding-top: 10px !important;padding-bottom: 10px !important;background-color: #f9f9f9 !important;}\u00bb]<\/p>\n<h4 style=\"padding-left: 10px;\">Para Materiales de Cambio de Fase, un nuevo uso en pantallas digitales<\/h4>\n<p style=\"padding-left: 10px;\">Explotando simult\u00e1neamente las propiedades electr\u00f3nicas, \u00f3pticas y estructurales de un material, investigadores en el Reino Unido han dado un primer paso hacia el desarrollo de un nuevo tipo de tecnolog\u00eda electr\u00f3nica de visualizaci\u00f3n.<\/p>\n<p>[\/vc_column_text][vc_column_text css=\u00bb.vc_custom_1638168739620{padding-top: 10px !important;padding-bottom: 10px !important;background-color: #f9f9f9 !important;}\u00bb]<\/p>\n<h4 style=\"padding-left: 10px;\">Los Cient\u00edficos Informan Del Material De Cambio De Fase M\u00e1s Peque\u00f1o Hasta La Fecha<\/h4>\n<p style=\"padding-left: 10px;\">Para construir tel\u00e9fonos inteligentes y tablets r\u00e1pidas que puedan almacenar muchos datos, algunos ingenieros han \u201cjugueteado\u201d con dispositivos de memoria que se basan en materiales de cambio de fase.<\/p>\n<p>[\/vc_column_text][vc_column_text css=\u00bb.vc_custom_1638168765546{padding-top: 10px !important;padding-bottom: 10px !important;background-color: #f9f9f9 !important;}\u00bb]<\/p>\n<h4 style=\"padding-left: 10px;\">El Estudio De Los Materiales De Cambio De Fase Podr\u00eda Llevar A Mejores Memorias En Los Ordenadores<\/h4>\n<p style=\"padding-left: 10px;\">Los dispositivos de memoria para ordenadores requieren de muchos componentes que puedan cambiar entre dos estados, que representan los unos y ceros del c\u00f3digo binario.<\/p>\n<p>[\/vc_column_text][\/vc_column][\/vc_row]<\/p>\n","protected":false},"excerpt":{"rendered":"<p>[vc_row][vc_column][vc_basic_grid post_type=\u00bbpost\u00bb max_items=\u00bb5&#8243; element_width=\u00bb12&#8243; gap=\u00bb10&#8243; grid_id=\u00bbvc_gid:1638168693349-f2c69d98-dd73-2&#8243; taxonomies=\u00bb31&#8243; exclude=\u00bb1319, 1321, 1323&#8243;][vc_column_text css=\u00bb.vc_custom_1638168680997{padding-top: 10px !important;padding-bottom: 10px !important;background-color: #f9f9f9 !important;}\u00bb] Para Materiales de Cambio de Fase, un nuevo uso en pantallas digitales Explotando simult\u00e1neamente las propiedades electr\u00f3nicas, \u00f3pticas y estructurales de un material, investigadores en el Reino Unido han dado un primer paso hacia el desarrollo de un &hellip; <a href=\"https:\/\/cieloeste.es\/es\/noticias\/\" class=\"more-link\">Continue reading <span class=\"screen-reader-text\">Noticias<\/span><\/a><\/p>\n","protected":false},"author":1,"featured_media":0,"parent":0,"menu_order":0,"comment_status":"closed","ping_status":"closed","template":"","meta":[],"_links":{"self":[{"href":"https:\/\/cieloeste.es\/es\/wp-json\/wp\/v2\/pages\/6426"}],"collection":[{"href":"https:\/\/cieloeste.es\/es\/wp-json\/wp\/v2\/pages"}],"about":[{"href":"https:\/\/cieloeste.es\/es\/wp-json\/wp\/v2\/types\/page"}],"author":[{"embeddable":true,"href":"https:\/\/cieloeste.es\/es\/wp-json\/wp\/v2\/users\/1"}],"replies":[{"embeddable":true,"href":"https:\/\/cieloeste.es\/es\/wp-json\/wp\/v2\/comments?post=6426"}],"version-history":[{"count":9,"href":"https:\/\/cieloeste.es\/es\/wp-json\/wp\/v2\/pages\/6426\/revisions"}],"predecessor-version":[{"id":6436,"href":"https:\/\/cieloeste.es\/es\/wp-json\/wp\/v2\/pages\/6426\/revisions\/6436"}],"wp:attachment":[{"href":"https:\/\/cieloeste.es\/es\/wp-json\/wp\/v2\/media?parent=6426"}],"curies":[{"name":"wp","href":"https:\/\/api.w.org\/{rel}","templated":true}]}}