{"id":5290,"date":"2021-11-02T13:31:50","date_gmt":"2021-11-02T13:31:50","guid":{"rendered":"https:\/\/cieloeste.ir\/?page_id=5290"},"modified":"2022-01-31T10:50:13","modified_gmt":"2022-01-31T10:50:13","slug":"sobre","status":"publish","type":"page","link":"https:\/\/cieloeste.es\/es\/sobre\/","title":{"rendered":"Sobre"},"content":{"rendered":"<p>[vc_row tm_bgimagefixed=\u00bb\u00bb break_in_responsive=\u00bb991&#8243; full_width=\u00bbstretch_row\u00bb tm_responsive_css=\u00bb59354957|colbreak_no|||||||||colbreak_no|||||40px||||colbreak_no||||||||||colbreak_no|||||||||\u00bb][vc_column reduce_extra_padding=\u00bb991&#8243; width=\u00bb5\/12&#8243; css=\u00bb.vc_custom_1548237107691{background-position: center !important;background-repeat: no-repeat !important;background-size: cover !important;}\u00bb][vc_single_image image=\u00bb4949&#8243; img_size=\u00bbfull\u00bb alignment=\u00bbcenter\u00bb][\/vc_column][vc_column reduce_extra_padding=\u00bb991&#8243; width=\u00bb7\/12&#8243; css=\u00bb.vc_custom_1548237062663{padding-left: 35px !important;}\u00bb]<div class=\"tm-element-heading-wrapper tm-heading-inner tm-element-align-left tm-seperator-solid tm-heading-style-vertical \"><section class=\"tm-vc_cta3-container\"><div class=\"tm-vc_general tm-vc_cta3 tm-cta3-only tm-vc_cta3-style-classic tm-vc_cta3-shape-rounded tm-vc_cta3-align-left tm-vc_cta3-color-transparent tm-vc_cta3-icon-size-md tm-vc_cta3-actions-no tm-cta3-without-desc\"><div class=\"tm-vc_cta3_content-container\"><div class=\"tm-vc_cta3-content\"><header class=\"tm-vc_cta3-content-header tm-wrap\"><div class=\"tm-vc_cta3-headers tm-wrap-cell\"><h4 class=\"tm-custom-heading \" >Bienvenido al sitio web Cielo Este<\/h4>\n<h2 class=\"tm-custom-heading \" >Sobre Cielo Este<\/h2>\n<\/div><\/header><\/div><\/div><\/div><\/section><\/div> <!-- .tm-element-heading-wrapper container --> [vc_column_text]<\/p>\n<p style=\"text-align: justify;\">Creando maneras inteligentes de un uso m\u00e1s eficiente y responsable de la energ\u00eda, queremos jugar nuestra parte en hacer del mundo un lugar mejor donde vivir. En Cielo Este avanzamos para satisfacer las necesidades de nuestros clientes, los retos de nuestra industria y los asuntos que preocupan a nuestro mundo. Cielo Este muestra su compromiso con la innovaci\u00f3n a trav\u00e9s de su diversa l\u00ednea de productos \u2013 en espectacular eficiencia energ\u00e9tica, avanzada funcionalidad de producto y tecnolog\u00eda centrada en el cliente. Los fundadores de Cielo Este han reformado durante 40 a\u00f1os de su experiencia en dise\u00f1o, desarrollo y producci\u00f3n de sistemas el\u00e9ctricos y electr\u00f3nicos ahora siendo producidos por m\u00e1s de 25 compa\u00f1\u00edas en todo el mundo, para convertirse en una nueva organizaci\u00f3n innovadora y basada en el conocimiento. Cielo Este fue establecida a principio del 2011 en el Parque Tecnol\u00f3gico de Andaluc\u00eda para concentrar y reorganizar estas experiencias y actividades en cuatro \u00e1reas de productos y soluciones <i><u>El\u00e9ctricas<\/u><\/i>, de\u00a0<i><u>Energ\u00eda Electr\u00f3nica<\/u><\/i>,\u00a0<i><u>Materiales de Cambio de Fase\u00a0<\/u><\/i>y\u00a0<i><u>Energ\u00eda Solar<\/u><\/i>.<\/p>\n<p>[\/vc_column_text][\/vc_column][\/vc_row][vc_row tm_bgimagefixed=\u00bb\u00bb break_in_responsive=\u00bb991&#8243; full_width=\u00bbstretch_row\u00bb css=\u00bb.vc_custom_1639377612601{padding-top: 0px !important;padding-bottom: 0px !important;background-position: center !important;background-repeat: no-repeat !important;background-size: cover !important;}\u00bb tm_responsive_css=\u00bb48931351|colbreak_no|||||||||colbreak_no|||||40px||0px||colbreak_no|0px||||10px|||||colbreak_no|||||||||\u00bb][vc_column reduce_extra_padding=\u00bb991&#8243; width=\u00bb7\/12&#8243; tm_responsive_css=\u00bb98608335|colbreak_no|||||||||colbreak_no|||||||||colbreak_no||||||||||colbreak_no|||||||||\u00bb]<div class=\"tm-element-heading-wrapper tm-heading-inner tm-element-align-left tm-seperator-solid tm-heading-style-vertical \"><section class=\"tm-vc_cta3-container\"><div class=\"tm-vc_general tm-vc_cta3 tm-cta3-only tm-vc_cta3-style-classic tm-vc_cta3-shape-rounded tm-vc_cta3-align-left tm-vc_cta3-color-transparent tm-vc_cta3-icon-size-md tm-vc_cta3-actions-no tm-cta3-with-desc\"><div class=\"tm-vc_cta3_content-container\"><div class=\"tm-vc_cta3-content\"><header class=\"tm-vc_cta3-content-header tm-wrap\"><div class=\"tm-vc_cta3-headers tm-wrap-cell\"><h4 class=\"tm-custom-heading \" >Trabajando con excelente<\/h4>\n<h2 class=\"tm-custom-heading \" >Nuestros servicios <strong> especiales <\/strong><\/h2>\n<\/div><\/header><div class=\"tm-cta3-content-wrapper\">\n<p style=\"text-align: justify;\">Cielo Este tiene m\u00e1s de 40 a\u00f1os de experiencia brindando una amplia \u00e1rea de trabajos de servicios especializados que se enumeran a continuaci\u00f3n.<\/p>\n<p><\/div><\/div><\/div><\/div><\/section><\/div> <!-- .tm-element-heading-wrapper container --> [vc_separator color=\u00bbcustom\u00bb css=\u00bb.vc_custom_1639157487178{padding-top: 5px !important;padding-bottom: 5px !important;}\u00bb accent_color=\u00bb#f1f1f1&#8243;][vc_tta_accordion style=\u00bbflat\u00bb active_section=\u00bb\u00bb collapsible_all=\u00bbtrue\u00bb][vc_tta_section title=\u00bbDispositivos Electr\u00f3nicos Cielo\u00bb tab_id=\u00bb1618661886012-58b39e82-34b4&#8243;][vc_column_text]<\/p>\n<p style=\"text-align: justify;\">Producimos un diverso portfolio de dispositivos de control, protecci\u00f3n y distribuci\u00f3n el\u00e9ctrica bajo la marca Cielo Electric. Desarrollamos y fabricamos una amplia selecci\u00f3n de dispositivos de protecci\u00f3n de circuitos, interruptores de corriente y contactos para adaptarse a muchas aplicaciones diferentes. Estas se caracterizan por niveles muy altos de rendimiento con dimensiones limitadas, instalaci\u00f3n simple y una garant\u00eda cada vez mayor de seguridad. Nuestros MCB (Interruptores de corriente en miniatura), MCCB (interruptores de corriente de caja moldeada), SPD (dispositivos protectores de picos de tensi\u00f3n), etc. cumplen con los est\u00e1ndares relacionados y est\u00e1n certificados por autoridades independientes y aprobadas de testeo. Cielo Electric ofrece dispositivos con un amplio rango de tasas de corriente, capacidades de interrupci\u00f3n y corrientes de activaci\u00f3n de polo \u00fanico a 4-Polos.<\/p>\n<p>[\/vc_column_text][\/vc_tta_section][vc_tta_section title=\u00bbElectr\u00f3nica de Potencia Cielo\u00bb tab_id=\u00bb1618662006545-a3807967-b174&#8243;][vc_column_text]<\/p>\n<p style=\"text-align: justify;\">Con un rango completo de soluciones energ\u00e9ticas para asegurar una \u00f3ptima operaci\u00f3n UPS, Cielo Este es l\u00edder en tecnolog\u00eda y proveedor de productos en la industria de la electricidad energ\u00e9tica. Fabricamos UPS de fase \u00fanica o triple fase desde 1000 VA a 4.5 MVA, rectificadores de modo de interruptor, cargadores, inversores solares de panel y fuera de panel, etc. Nuestra amplia gama de productos cubre desde peque\u00f1os dispositivos caseros hasta suministros de energ\u00eda para oficinas, laboratorios, centros m\u00e9dicos, centros de datos, industrias, etc. Al estar al frente de investigaciones e innovaci\u00f3n en el campo, Cielo Este provee soluciones dise\u00f1adas a medida para cada set \u00fanico de requerimientos presentados por diferentes industrias. Desplegando tecnolog\u00edas de \u00faltima generaci\u00f3n, Cielo Este crea productos con la m\u00e1s alta eficiencia, calidad superior y funcionalidad avanzada. Muy dedicados a preservar la energ\u00eda y el medio ambiente, Cielo Este se enorgullece de desarrollar y producir soluciones de energ\u00eda el\u00e9ctrica con rendimientos y eficiencias a la vanguardia de la industria.<\/p>\n<p>[\/vc_column_text][\/vc_tta_section][vc_tta_section title=\u00bbMateriales de Cambio de Fase Cielo\u00bb tab_id=\u00bb1618662022853-9161869b-4153&#8243;][vc_column_text]<\/p>\n<p style=\"text-align: justify;\">En Cielo Este nos esforzamos por conseguir un mayor desarrollo y asimilaci\u00f3n de tecnolog\u00edas avanzadas para lograr pr\u00e1cticas de consumo de energ\u00eda m\u00e1s inteligentes y sostenibles. Bajo la marca Cielo Sol dise\u00f1amos y producimos PCMs que se funden y solidifican a temperaturas concretas deseadas para su aplicaci\u00f3n, permitiendo ganar, almacenar y liberar energ\u00eda en el proceso termo-f\u00edsico. Un material de cambio de fase (PCM) es una sustancia con un calor de fusi\u00f3n alto el cual, fundi\u00e9ndose y solidific\u00e1ndose a una temperatura concreta, es capaz de almacenar y liberar grandes cantidades de energ\u00eda. El calor es absorbido o liberado cuando el material cambia de s\u00f3lido a l\u00edquido y viceversa; por tanto, los PCMs son clasificados como unidades de almacenamiento de calor latente (latent heat storage units o LHS). Cielo Este est\u00e1 altamente experimentada en el dise\u00f1o y producci\u00f3n de PCMs para ser utilizados para soluciones seguras, fiables y a buen precio proveyendo reservas pasivas de almacenamiento de calor para una amplia y variedad de industrias y aplicaciones, que no para de incrementar. Trabajamos de cerca con nuestros clientes para proporcionarles el PCM adecuado en una forma apropiada y con muchas posibilidades de paquetes de encapsulaci\u00f3n y contenedores tales como micro-encapsulaci\u00f3n, encapsulaci\u00f3n, losa, tubo, bola, bolsa, etc. Desarrollamos y manufacturamos un amplio rango de productos de PCM desde -30 hasta 600\u00b0C. Estos productos son fabricados y proporcionados seg\u00fan pedido. Cielo Este tambi\u00e9n ha desarrollado y patentado unas cuantas y \u00fanicas iniciativas de aplicaciones tales como materiales compuestos PCM super-reforzados para edificaci\u00f3n de exteriores, sistemas de aire acondicionado UPCH, soluciones de refrigeraci\u00f3n de centros de datos, etc. que est\u00e1n siendo presentadas en algunas regiones del mundo en concreto, en sectores industriales relevantes.<\/p>\n<p>[\/vc_column_text][\/vc_tta_section][vc_tta_section title=\u00bbCielo Soluciones de Energ\u00eda Solar\u00bb tab_id=\u00bb1618662022174-24bfe8d4-54f7&#8243;][vc_column_text]<\/p>\n<p style=\"text-align: justify;\">Cielo Este es uno de los pioneros desarrollando y fabricando soluciones solares muy eficientes y de alto rendimiento basadas en la tecnolog\u00eda FotoVoltaica de Alta Concentraci\u00f3n (High Concentration PhotoVoltaic o HCPV). Tambi\u00e9n desarrolla y fabrica m\u00f3dulos solares fotovoltaicos de alta calidad. Movilizando y orquestando la combinaci\u00f3n de equipos muy fuertes de R&amp;D de disciplinas de fotovoltaicos, \u00f3pticos, energ\u00eda electr\u00f3nica y mec\u00e1nica, Cielo Este se enorgullece de estar al frente del desarrollo e introducci\u00f3n de nuevos productos solares de energ\u00eda y soluciones que van desde placas HCPV, m\u00f3dulos HCPV, sistemas HCPV residenciales as\u00ed como para negocios y plantas industriales de generaci\u00f3n de energ\u00eda solar. Nuestra celda HCPV est\u00e1 dise\u00f1ada en base a un dise\u00f1o \u00fanico de tres capas el cual permite alcanzar una eficiencia de un 44% para la celda. Bajo la marca de Cielo Sol, la misma tecnolog\u00eda HCPV est\u00e1 tambi\u00e9n siendo desarrollada adicionalmente para producir soluciones combinadas de calor y energ\u00eda (Combined Heat and Power o CHP). Usando una combinaci\u00f3n de productos avanzados y delicadamente ajustados dise\u00f1ados por compa\u00f1\u00edas asociadas junto a algunos productos inteligentemente desarrollados internamente tales como inversores solares, Cielo Sol puede hacerse cargo del dise\u00f1o, construcci\u00f3n, operaci\u00f3n y mantenimiento de sistemas solares conectados a un panel o sin panel, listos para ser usados para clientes finales, basados en los diferentes requisitos regionales y mundiales.<\/p>\n<p>[\/vc_column_text][\/vc_tta_section][\/vc_tta_accordion][\/vc_column][vc_column reduce_extra_padding=\u00bb991&#8243; width=\u00bb5\/12&#8243; tm_responsive_css=\u00bb30619759|colbreak_no|||||||||colbreak_no||||0px|||||colbreak_no||||||||||colbreak_no|||||||||\u00bb css=\u00bb.vc_custom_1639157369211{background-position: center !important;background-repeat: no-repeat !important;background-size: cover !important;}\u00bb][vc_single_image image=\u00bb6502&#8243; img_size=\u00bbfull\u00bb alignment=\u00bbcenter\u00bb][\/vc_column][\/vc_row][vc_row tm_textcolor=\u00bbwhite\u00bb tm_bgimagefixed=\u00bb\u00bb break_in_responsive=\u00bb991&#8243; full_width=\u00bbstretch_row\u00bb tm_responsive_css=\u00bb36469573|colbreak_no|||||||||colbreak_no|||||40px||30px||colbreak_no||||||||||colbreak_no|||||||||\u00bb css=\u00bb.vc_custom_1618662548168{background-color: #26354c !important;}\u00bb][vc_column]<div class=\"tm-element-heading-wrapper tm-heading-inner tm-element-align-center tm-seperator-none tm-heading-style-vertical \"><section class=\"tm-vc_cta3-container\"><div class=\"tm-vc_general tm-vc_cta3 tm-cta3-only tm-vc_cta3-style-classic tm-vc_cta3-shape-rounded tm-vc_cta3-align-center tm-vc_cta3-color-transparent tm-vc_cta3-icon-size-md tm-vc_cta3-actions-no tm-cta3-without-desc\"><div class=\"tm-vc_cta3_content-container\"><div class=\"tm-vc_cta3-content\"><header class=\"tm-vc_cta3-content-header tm-wrap\"><div class=\"tm-vc_cta3-headers tm-wrap-cell\"><h2 style=\"font-size:35px;line-height:45px;font-family:'Poppins',Arial,Helvetica;font-weight:500;\" class=\"tm-custom-heading \" >queremos jugar nuestra parte en hacer del mundo un lugar mejor donde vivir<\/h2>\n<\/div><\/header><\/div><\/div><\/div><\/section><\/div> <!-- .tm-element-heading-wrapper container --> <h2 style=\"text-align:center;font-size:18px;line-height:23px;color:#8d9297;font-family:'Poppins',Arial,Helvetica;font-weight:400;\" class=\"tm-custom-heading vc_custom_1635859705626\" >Personal de servicio al cliente amigable para todas sus preguntas!<\/h2>\n[vc_text_separator title=\u00bb\u00bb i_icon_fontawesome=\u00bbfas fa-headset\u00bb i_color=\u00bbcustom\u00bb i_size=\u00bblg\u00bb color=\u00bbcustom\u00bb el_width=\u00bb30&#8243; add_icon=\u00bbtrue\u00bb i_custom_color=\u00bb#fda12b\u00bb accent_color=\u00bb#d7d7d7&#8243; css=\u00bb.vc_custom_1617797038525{margin-bottom: 8px !important;padding-top: 4px !important;}\u00bb]<h4 style=\"text-align:center;font-size:22px;line-height:35px;font-family:'Poppins',Arial,Helvetica;font-weight:400;\" class=\"tm-custom-heading \" >Email: info@cielo-este.es<\/h4>\n[\/vc_column][\/vc_row]<\/p>\n","protected":false},"excerpt":{"rendered":"<p>[vc_row tm_bgimagefixed=\u00bb\u00bb break_in_responsive=\u00bb991&#8243; full_width=\u00bbstretch_row\u00bb tm_responsive_css=\u00bb59354957|colbreak_no|||||||||colbreak_no|||||40px||||colbreak_no||||||||||colbreak_no|||||||||\u00bb][vc_column reduce_extra_padding=\u00bb991&#8243; width=\u00bb5\/12&#8243; css=\u00bb.vc_custom_1548237107691{background-position: center !important;background-repeat: no-repeat !important;background-size: cover !important;}\u00bb][vc_single_image image=\u00bb4949&#8243; img_size=\u00bbfull\u00bb alignment=\u00bbcenter\u00bb][\/vc_column][vc_column reduce_extra_padding=\u00bb991&#8243; width=\u00bb7\/12&#8243; css=\u00bb.vc_custom_1548237062663{padding-left: 35px !important;}\u00bb][vc_column_text] Creando maneras inteligentes de un uso m\u00e1s eficiente y responsable de la energ\u00eda, queremos jugar nuestra parte en hacer del mundo un lugar mejor donde vivir. En Cielo Este avanzamos para satisfacer las &hellip; <a href=\"https:\/\/cieloeste.es\/es\/sobre\/\" class=\"more-link\">Continue reading <span class=\"screen-reader-text\">Sobre<\/span><\/a><\/p>\n","protected":false},"author":1,"featured_media":0,"parent":0,"menu_order":9,"comment_status":"closed","ping_status":"closed","template":"","meta":[],"_links":{"self":[{"href":"https:\/\/cieloeste.es\/es\/wp-json\/wp\/v2\/pages\/5290"}],"collection":[{"href":"https:\/\/cieloeste.es\/es\/wp-json\/wp\/v2\/pages"}],"about":[{"href":"https:\/\/cieloeste.es\/es\/wp-json\/wp\/v2\/types\/page"}],"author":[{"embeddable":true,"href":"https:\/\/cieloeste.es\/es\/wp-json\/wp\/v2\/users\/1"}],"replies":[{"embeddable":true,"href":"https:\/\/cieloeste.es\/es\/wp-json\/wp\/v2\/comments?post=5290"}],"version-history":[{"count":7,"href":"https:\/\/cieloeste.es\/es\/wp-json\/wp\/v2\/pages\/5290\/revisions"}],"predecessor-version":[{"id":6670,"href":"https:\/\/cieloeste.es\/es\/wp-json\/wp\/v2\/pages\/5290\/revisions\/6670"}],"wp:attachment":[{"href":"https:\/\/cieloeste.es\/es\/wp-json\/wp\/v2\/media?parent=5290"}],"curies":[{"name":"wp","href":"https:\/\/api.w.org\/{rel}","templated":true}]}}