{"id":5251,"date":"2021-11-02T12:50:22","date_gmt":"2021-11-02T12:50:22","guid":{"rendered":"https:\/\/cieloeste.ir\/?page_id=5251"},"modified":"2021-11-02T13:18:39","modified_gmt":"2021-11-02T13:18:39","slug":"cielosol-pcm24-310","status":"publish","type":"page","link":"https:\/\/cieloeste.es\/es\/producciones\/cielo-sol\/cielosol-pcm24-310\/","title":{"rendered":"CieloSOL PCM24\/310"},"content":{"rendered":"<p>[vc_row tm_bgimagefixed=\u00bb\u00bb][vc_column][vc_column_text]<\/p>\n<h3 style=\"text-align: justify;\">Presentaci\u00f3n del Producto<\/h3>\n<p style=\"text-align: justify;\">En los \u00faltimos a\u00f1os, un aumento en la emisi\u00f3n de gases de efecto invernadero y en el precio del carburante han llevado a un esfuerzo para tratar de encontrar nuevas energ\u00edas renovables. En muchas partes del mundo, la energ\u00eda solar directa es considerada como una nueva fuente de energ\u00eda. Otra de las opciones en investigaci\u00f3n es el desarrollo de aparatos de almacenamiento de energ\u00eda, que se ha vuelto tan importante como dichas nuevas fuentes de energ\u00eda.<\/p>\n<p style=\"text-align: justify;\">Almacenar energ\u00eda de una forma apropiada y adaptable es el reto actual en el campo de la tecnolog\u00eda energ\u00e9tica. El ahorro de energ\u00eda no solo reduce el desajuste entre las provisiones y la demanda, sino que lleva a una mejora en el rendimiento y fiabilidad de los sistemas de energ\u00eda y juega un papel importante en el almacenamiento de energ\u00eda.<\/p>\n<p style=\"text-align: justify;\">Uno de los posibles m\u00e9todos de almacenamiento de energ\u00eda t\u00e9rmica (Thermal Energy Storage) est\u00e1 en la utilizaci\u00f3n de Materiales de Cambio de Fase (Phase Change Materials o PCMs). Los PCMs son materiales que almacenan el exceso de energ\u00eda a su alrededor. Est\u00e1n basados en el calor latente de la fusi\u00f3n y cristalizaci\u00f3n y en momentos de necesidad, devuelven la energ\u00eda al ambiente. Al hacerlo, fuerzan al ambiente a estar a una temperatura determinada llamada \u00abTemperatura de Cambio de Fase\u00bb. En otras palabras, los materiales resisten las desviaciones de temperatura. La Temperatura de Cambio de Fase de CieloSol PCM24\/310 es de 24 grados cent\u00edgrados.<\/p>\n<p><span style=\"color: #333333;\"><b>Im\u00e1genes del producto:<\/b><\/span><\/p>\n<p style=\"text-align: center;\"><span style=\"color: #333333;\"><img loading=\"lazy\" class=\"alignnone wp-image-4481 size-full\" src=\"https:\/\/cieloeste.ir\/wp-content\/uploads\/2021\/10\/PCM.png\" alt=\"\" width=\"480\" height=\"198\" srcset=\"https:\/\/cieloeste.es\/wp-content\/uploads\/2021\/10\/PCM.png 480w, https:\/\/cieloeste.es\/wp-content\/uploads\/2021\/10\/PCM-300x124.png 300w\" sizes=\"(max-width: 480px) 100vw, 480px\" \/><\/span><\/p>\n<p>&nbsp;<\/p>\n<p><span style=\"color: #333333;\"><strong>Diagrama Entalp\u00eda-Temperatura del producto:<\/strong><\/span><\/p>\n<p style=\"text-align: center;\"><span style=\"color: #333333;\"><img loading=\"lazy\" class=\"alignnone wp-image-4510 size-full\" src=\"https:\/\/cieloeste.ir\/wp-content\/uploads\/2021\/10\/Products-Enthalpy-Temperature-diagram24.png\" alt=\"\" width=\"480\" height=\"264\" srcset=\"https:\/\/cieloeste.es\/wp-content\/uploads\/2021\/10\/Products-Enthalpy-Temperature-diagram24.png 480w, https:\/\/cieloeste.es\/wp-content\/uploads\/2021\/10\/Products-Enthalpy-Temperature-diagram24-300x165.png 300w\" sizes=\"(max-width: 480px) 100vw, 480px\" \/><\/span><\/p>\n<p>&nbsp;<\/p>\n<p><span style=\"color: #333333;\"><b>Especificaciones del producto:<\/b><\/span><\/p>\n<table style=\"text-align: center; background-color: #f7faee; margin-left: auto; margin-right: auto;\" border=\"0\" cellspacing=\"3\" cellpadding=\"3\" align=\"center\">\n<tbody>\n<tr style=\"background-color: #083a72;\">\n<td width=\"338\">\n<p style=\"text-align: left;\"><span style=\"color: #ffffff;\"><span style=\"font-size: small;\">n\u00famero de producto<\/span><\/span><\/p>\n<\/td>\n<td width=\"293\"><span style=\"color: #ffffff;\"><span style=\"font-size: small;\">CieloSOL PCM24\/310<\/span><\/span><\/td>\n<\/tr>\n<tr>\n<td width=\"338\">\n<p dir=\"RTL\" style=\"text-align: left;\"><span style=\"font-size: small;\">Componentes principales<\/span><\/p>\n<\/td>\n<td width=\"293\">\n<p dir=\"RTL\" align=\"center\"><span style=\"font-size: small;\">Hidratos de sales inorg\u00e1nicas + Agua + Aditivos<\/span><\/p>\n<\/td>\n<\/tr>\n<tr style=\"background-color: #92af35;\">\n<td width=\"338\">\n<p dir=\"RTL\" style=\"text-align: left;\"><span style=\"font-size: small;\">Inflamabilidad<\/span><\/p>\n<\/td>\n<td width=\"293\">\n<p dir=\"RTL\" align=\"center\"><span style=\"font-size: small;\">No<\/span><\/p>\n<\/td>\n<\/tr>\n<tr>\n<td width=\"338\">\n<p dir=\"RTL\" style=\"text-align: left;\"><span style=\"font-size: small;\">Toxicidad<\/span><\/p>\n<\/td>\n<td width=\"293\">\n<p dir=\"RTL\" align=\"center\"><span style=\"font-size: small;\">No<\/span><\/p>\n<\/td>\n<\/tr>\n<tr style=\"background-color: #92af35;\">\n<td width=\"338\">\n<p class=\"Default\" style=\"text-align: left;\"><span style=\"font-size: small;\">Corrosi\u00f3n<\/span><\/p>\n<\/td>\n<td width=\"293\">\n<p dir=\"RTL\" align=\"center\"><span style=\"font-size: small;\">No<\/span><\/p>\n<\/td>\n<\/tr>\n<tr>\n<td width=\"338\">\n<p class=\"Default\" style=\"text-align: left;\"><span style=\"font-size: small;\">Temp. de fusi\u00f3n de cambio de fase (\u00b0C)<\/span><\/p>\n<\/td>\n<td width=\"293\">\n<p dir=\"RTL\" align=\"center\"><span style=\"font-size: small;\">24<\/span><\/p>\n<\/td>\n<\/tr>\n<tr style=\"background-color: #92af35;\">\n<td width=\"338\">\n<p style=\"text-align: left;\"><span style=\"font-size: small;\">M\u00e1xima Temp (\u00b0C)<\/span><\/p>\n<\/td>\n<td width=\"293\">\n<p dir=\"RTL\" align=\"center\"><span style=\"font-size: small;\">60 <\/span><\/p>\n<\/td>\n<\/tr>\n<tr>\n<td style=\"text-align: left;\" width=\"338\"><span style=\"font-size: small;\">Calor Latente (J\/cm3)<\/span><\/td>\n<td width=\"293\">\n<p dir=\"RTL\" align=\"center\"><span style=\"font-size: small;\">310<\/span><\/p>\n<\/td>\n<\/tr>\n<tr style=\"background-color: #92af35;\">\n<td style=\"text-align: left;\" width=\"338\"><span style=\"font-size: small;\">Calor Espec\u00edfico Aprox. (J\/gr\/\u00b0C)<\/span><\/td>\n<td width=\"293\">\n<p dir=\"RTL\" align=\"center\"><span style=\"font-size: small;\">3.5<\/span><\/p>\n<\/td>\n<\/tr>\n<tr>\n<td style=\"text-align: left;\" width=\"338\"><span style=\"font-size: small;\">Gravedad Espec\u00edfica (gr\/cm3)<\/span><\/td>\n<td width=\"293\">\n<p dir=\"RTL\" align=\"center\"><span style=\"font-size: small;\">1.4<\/span><\/p>\n<\/td>\n<\/tr>\n<tr style=\"background-color: #92af35;\">\n<td width=\"338\">\n<p style=\"text-align: left;\"><span style=\"font-size: small;\">Conductividad T\u00e9rmica (W\/m\/\u00b0C)<\/span><\/p>\n<\/td>\n<td width=\"293\"><span style=\"font-size: small;\">0.6 \u00b1 15%<\/span><\/td>\n<\/tr>\n<tr>\n<td style=\"text-align: left;\" width=\"338\"><span style=\"font-size: small;\">Super Enfriamiento (\u00b0C)<\/span><\/td>\n<td width=\"293\"><span style=\"font-size: small;\">2 to 4<\/span><\/td>\n<\/tr>\n<\/tbody>\n<\/table>\n<p>&nbsp;<\/p>\n<p><span style=\"color: #333333;\"><strong>Aplicaciones del Producto:<\/strong><\/span><\/p>\n<ul>\n<li><a href=\"https:\/\/cieloeste.ir\/es\/producciones\/cielo-sol\/aplicaciones\/provision-de-calefaccion-y-ventilacion-en-edificios\/\">Calefacci\u00f3n y refrigeraci\u00f3n<\/a><\/li>\n<li><a href=\"https:\/\/cieloeste.ir\/es\/producciones\/cielo-sol\/aplicaciones\/prevencion-de-la-reduccion-de-eficiencia-en-los-paneles-fotovoltaicos\/\">Uso en paneles solares fotovoltaicos para evitar la puesta en riesgo de la eficiencia<\/a><\/li>\n<li><a href=\"https:\/\/cieloeste.ir\/es\/producciones\/cielo-sol\/aplicaciones\/equipamiento-para-dormir\/\">Equipamiento para dormir<\/a><\/li>\n<li><a href=\"https:\/\/cieloeste.ir\/es\/producciones\/cielo-sol\/aplicaciones\/la-chaqueta-refrigerante\/\">Chaquetas refrigerantes<\/a><\/li>\n<li><a href=\"https:\/\/cieloeste.ir\/es\/producciones\/cielo-sol\/aplicaciones\/ropa-deportiva\/\">Ropa deportiva<\/a><\/li>\n<li><a href=\"https:\/\/cieloeste.ir\/es\/producciones\/cielo-sol\/aplicaciones\/cubierta-de-los-asientos-y-revestimiento-interior-del-techo-de-los-coches\/\">Cubiertas de asientos y revestimiento del techo de los coches<\/a><\/li>\n<li><a href=\"https:\/\/cieloeste.ir\/es\/producciones\/cielo-sol\/aplicaciones\/cascos-de-motocicleta\/\">Cascos de motocicleta<\/a><\/li>\n<li><a href=\"https:\/\/cieloeste.ir\/es\/producciones\/cielo-sol\/aplicaciones\/estabilizacion-de-temperaturas-en-el-transporte-de-sangre-y-productos-medicos\/\">Estabilizaci\u00f3n de la temperatura utilizada en el transporte de medicinas, sangre y productos m\u00e9dicos<\/a><\/li>\n<\/ul>\n<p><strong><span style=\"color: #ff0000;\"><a style=\"color: #ff0000;\" href=\"https:\/\/cieloeste.ir\/wp-content\/uploads\/2021\/10\/CieloSOL-PCM24-310-C-EN-14-02.pdf\">Descarga de hoja de datos<\/a><\/span><\/strong>[\/vc_column_text][\/vc_column][\/vc_row]<\/p>\n","protected":false},"excerpt":{"rendered":"<p>[vc_row tm_bgimagefixed=\u00bb\u00bb][vc_column][vc_column_text] Presentaci\u00f3n del Producto En los \u00faltimos a\u00f1os, un aumento en la emisi\u00f3n de gases de efecto invernadero y en el precio del carburante han llevado a un esfuerzo para tratar de encontrar nuevas energ\u00edas renovables. En muchas partes del mundo, la energ\u00eda solar directa es considerada como una nueva fuente de energ\u00eda. Otra &hellip; <a href=\"https:\/\/cieloeste.es\/es\/producciones\/cielo-sol\/cielosol-pcm24-310\/\" class=\"more-link\">Continue reading <span class=\"screen-reader-text\">CieloSOL PCM24\/310<\/span><\/a><\/p>\n","protected":false},"author":1,"featured_media":0,"parent":5072,"menu_order":0,"comment_status":"closed","ping_status":"closed","template":"","meta":[],"_links":{"self":[{"href":"https:\/\/cieloeste.es\/es\/wp-json\/wp\/v2\/pages\/5251"}],"collection":[{"href":"https:\/\/cieloeste.es\/es\/wp-json\/wp\/v2\/pages"}],"about":[{"href":"https:\/\/cieloeste.es\/es\/wp-json\/wp\/v2\/types\/page"}],"author":[{"embeddable":true,"href":"https:\/\/cieloeste.es\/es\/wp-json\/wp\/v2\/users\/1"}],"replies":[{"embeddable":true,"href":"https:\/\/cieloeste.es\/es\/wp-json\/wp\/v2\/comments?post=5251"}],"version-history":[{"count":5,"href":"https:\/\/cieloeste.es\/es\/wp-json\/wp\/v2\/pages\/5251\/revisions"}],"predecessor-version":[{"id":5266,"href":"https:\/\/cieloeste.es\/es\/wp-json\/wp\/v2\/pages\/5251\/revisions\/5266"}],"up":[{"embeddable":true,"href":"https:\/\/cieloeste.es\/es\/wp-json\/wp\/v2\/pages\/5072"}],"wp:attachment":[{"href":"https:\/\/cieloeste.es\/es\/wp-json\/wp\/v2\/media?parent=5251"}],"curies":[{"name":"wp","href":"https:\/\/api.w.org\/{rel}","templated":true}]}}