{"id":5236,"date":"2021-11-02T12:35:28","date_gmt":"2021-11-02T12:35:28","guid":{"rendered":"https:\/\/cieloeste.ir\/?page_id=5236"},"modified":"2021-11-02T12:36:20","modified_gmt":"2021-11-02T12:36:20","slug":"prevencion-de-la-reduccion-de-eficiencia-en-los-paneles-fotovoltaicos","status":"publish","type":"page","link":"https:\/\/cieloeste.es\/es\/producciones\/cielo-sol\/aplicaciones\/prevencion-de-la-reduccion-de-eficiencia-en-los-paneles-fotovoltaicos\/","title":{"rendered":"Prevenci\u00f3n de la reducci\u00f3n de eficiencia en los paneles fotovoltaicos"},"content":{"rendered":"<p>[vc_row][vc_column][vc_column_text]<\/p>\n<p style=\"text-align: justify;\">Hoy en d\u00eda existen muchos edificios y equipamiento que usan paneles fotovoltaicos para proporcionar parte de la electricidad consumida. La potencia de salida y eficiencia de los paneles est\u00e1 relacionada con su temperatura, y su temperatura a su vez relacionada con el entorno y la luz solar. La eficiencia m\u00e1xima de los paneles fotovoltaicos en condiciones est\u00e1ndar (25\u00baC, 1000 w\/m2 de radiaci\u00f3n y 1 m\/s de viento) est\u00e1 alrededor del 20%.<\/p>\n<p style=\"text-align: justify;\"><img loading=\"lazy\" class=\"aligncenter wp-image-4559\" src=\"https:\/\/cieloeste.ir\/wp-content\/uploads\/2021\/10\/solar-panel-efficiency-featured-image.jpg\" alt=\"\" width=\"690\" height=\"465\" srcset=\"https:\/\/cieloeste.es\/wp-content\/uploads\/2021\/10\/solar-panel-efficiency-featured-image.jpg 1600w, https:\/\/cieloeste.es\/wp-content\/uploads\/2021\/10\/solar-panel-efficiency-featured-image-300x202.jpg 300w, https:\/\/cieloeste.es\/wp-content\/uploads\/2021\/10\/solar-panel-efficiency-featured-image-1024x691.jpg 1024w, https:\/\/cieloeste.es\/wp-content\/uploads\/2021\/10\/solar-panel-efficiency-featured-image-768x518.jpg 768w, https:\/\/cieloeste.es\/wp-content\/uploads\/2021\/10\/solar-panel-efficiency-featured-image-1536x1036.jpg 1536w\" sizes=\"(max-width: 690px) 100vw, 690px\" \/><\/p>\n<p style=\"text-align: justify;\">Este bajo n\u00famero por otra parte se reducir\u00e1 de un 0.2 a un 0.5% por cada grado cent\u00edgrado que suba la temperatura. En otras palabras, si la temperatura de los paneles sube 10\u00baC, la eficiencia disminuir\u00e1 de un 2 a un 5%.<\/p>\n<p style=\"text-align: justify;\">As\u00ed que la oscuridad de los paneles fotovoltaicos y por tanto su incremento en temperatura durante la exposici\u00f3n al sol es un gran problema a la hora de su uso. Adem\u00e1s, los aumentos de temperatura acortar\u00e1n la vida de las c\u00e9lulas a largo plazo.<\/p>\n<p style=\"text-align: justify;\">Para mejorar este problema, una combinaci\u00f3n de PCMs y paneles fotovoltaicos estabilizar\u00e1 y mantendr\u00e1 las temperaturas para prevenir una reducci\u00f3n en la eficiencia. El punto de fusi\u00f3n de los PCMs utilizados depender\u00e1 de las condiciones clim\u00e1ticas y radiales y variar\u00e1 entre 20 y 60\u00baC.<\/p>\n<p>[\/vc_column_text][\/vc_column][\/vc_row]<\/p>\n","protected":false},"excerpt":{"rendered":"<p>[vc_row][vc_column][vc_column_text] Hoy en d\u00eda existen muchos edificios y equipamiento que usan paneles fotovoltaicos para proporcionar parte de la electricidad consumida. La potencia de salida y eficiencia de los paneles est\u00e1 relacionada con su temperatura, y su temperatura a su vez relacionada con el entorno y la luz solar. La eficiencia m\u00e1xima de los paneles fotovoltaicos &hellip; <a href=\"https:\/\/cieloeste.es\/es\/producciones\/cielo-sol\/aplicaciones\/prevencion-de-la-reduccion-de-eficiencia-en-los-paneles-fotovoltaicos\/\" class=\"more-link\">Continue reading <span class=\"screen-reader-text\">Prevenci\u00f3n de la reducci\u00f3n de eficiencia en los paneles fotovoltaicos<\/span><\/a><\/p>\n","protected":false},"author":1,"featured_media":0,"parent":5082,"menu_order":0,"comment_status":"closed","ping_status":"closed","template":"","meta":[],"_links":{"self":[{"href":"https:\/\/cieloeste.es\/es\/wp-json\/wp\/v2\/pages\/5236"}],"collection":[{"href":"https:\/\/cieloeste.es\/es\/wp-json\/wp\/v2\/pages"}],"about":[{"href":"https:\/\/cieloeste.es\/es\/wp-json\/wp\/v2\/types\/page"}],"author":[{"embeddable":true,"href":"https:\/\/cieloeste.es\/es\/wp-json\/wp\/v2\/users\/1"}],"replies":[{"embeddable":true,"href":"https:\/\/cieloeste.es\/es\/wp-json\/wp\/v2\/comments?post=5236"}],"version-history":[{"count":3,"href":"https:\/\/cieloeste.es\/es\/wp-json\/wp\/v2\/pages\/5236\/revisions"}],"predecessor-version":[{"id":5240,"href":"https:\/\/cieloeste.es\/es\/wp-json\/wp\/v2\/pages\/5236\/revisions\/5240"}],"up":[{"embeddable":true,"href":"https:\/\/cieloeste.es\/es\/wp-json\/wp\/v2\/pages\/5082"}],"wp:attachment":[{"href":"https:\/\/cieloeste.es\/es\/wp-json\/wp\/v2\/media?parent=5236"}],"curies":[{"name":"wp","href":"https:\/\/api.w.org\/{rel}","templated":true}]}}