{"id":5228,"date":"2021-11-02T12:31:39","date_gmt":"2021-11-02T12:31:39","guid":{"rendered":"https:\/\/cieloeste.ir\/?page_id=5228"},"modified":"2021-11-02T12:32:41","modified_gmt":"2021-11-02T12:32:41","slug":"aislamiento-transparente-en-ventanas-de-edificios","status":"publish","type":"page","link":"https:\/\/cieloeste.es\/es\/producciones\/cielo-sol\/aplicaciones\/aislamiento-transparente-en-ventanas-de-edificios\/","title":{"rendered":"Aislamiento transparente en ventanas de edificios"},"content":{"rendered":"<p>[vc_row][vc_column][vc_column_text]<\/p>\n<p style=\"text-align: justify;\">Las ventanas de cristal en edificios pueden conducir la luz solar dentro del edificio, pero por otro lado, debido a la alta conductividad t\u00e9rmica, esto tiene un impacto negativo en el consumo de energ\u00eda. Los PCMs transparentes suelen tener una baja conductividad t\u00e9rmica y pueden ser utilizados como aislantes para este prop\u00f3sito.<\/p>\n<p><img loading=\"lazy\" class=\"aligncenter size-full wp-image-5112\" src=\"https:\/\/cieloeste.ir\/wp-content\/uploads\/2021\/11\/Transparent-insulate-windows-in-buildings-2.jpg\" alt=\"\" width=\"400\" height=\"178\" srcset=\"https:\/\/cieloeste.es\/wp-content\/uploads\/2021\/11\/Transparent-insulate-windows-in-buildings-2.jpg 400w, https:\/\/cieloeste.es\/wp-content\/uploads\/2021\/11\/Transparent-insulate-windows-in-buildings-2-300x134.jpg 300w\" sizes=\"(max-width: 400px) 100vw, 400px\" \/><img loading=\"lazy\" class=\"aligncenter size-full wp-image-5114\" src=\"https:\/\/cieloeste.ir\/wp-content\/uploads\/2021\/11\/Transparent-insulate-windows-in-buildings-1.jpg\" alt=\"\" width=\"400\" height=\"337\" srcset=\"https:\/\/cieloeste.es\/wp-content\/uploads\/2021\/11\/Transparent-insulate-windows-in-buildings-1.jpg 400w, https:\/\/cieloeste.es\/wp-content\/uploads\/2021\/11\/Transparent-insulate-windows-in-buildings-1-300x253.jpg 300w\" sizes=\"(max-width: 400px) 100vw, 400px\" \/><\/p>\n<p style=\"text-align: justify;\">Tambi\u00e9n tienen una alta transmisi\u00f3n de la luz (en la fase l\u00edquida) as\u00ed que pueden almacenar el calor. Muchos PCMs tienen un nivel de transparencia alta para la luz visible; sin embargo, absorben la radiaci\u00f3n infrarroja, lo cual les proporciona la capacidad de ser utilizados en los cristales de los edificios.<\/p>\n<p>[\/vc_column_text][\/vc_column][\/vc_row]<\/p>\n","protected":false},"excerpt":{"rendered":"<p>[vc_row][vc_column][vc_column_text] Las ventanas de cristal en edificios pueden conducir la luz solar dentro del edificio, pero por otro lado, debido a la alta conductividad t\u00e9rmica, esto tiene un impacto negativo en el consumo de energ\u00eda. Los PCMs transparentes suelen tener una baja conductividad t\u00e9rmica y pueden ser utilizados como aislantes para este prop\u00f3sito. Tambi\u00e9n tienen &hellip; <a href=\"https:\/\/cieloeste.es\/es\/producciones\/cielo-sol\/aplicaciones\/aislamiento-transparente-en-ventanas-de-edificios\/\" class=\"more-link\">Continue reading <span class=\"screen-reader-text\">Aislamiento transparente en ventanas de edificios<\/span><\/a><\/p>\n","protected":false},"author":1,"featured_media":0,"parent":5082,"menu_order":0,"comment_status":"closed","ping_status":"closed","template":"","meta":[],"_links":{"self":[{"href":"https:\/\/cieloeste.es\/es\/wp-json\/wp\/v2\/pages\/5228"}],"collection":[{"href":"https:\/\/cieloeste.es\/es\/wp-json\/wp\/v2\/pages"}],"about":[{"href":"https:\/\/cieloeste.es\/es\/wp-json\/wp\/v2\/types\/page"}],"author":[{"embeddable":true,"href":"https:\/\/cieloeste.es\/es\/wp-json\/wp\/v2\/users\/1"}],"replies":[{"embeddable":true,"href":"https:\/\/cieloeste.es\/es\/wp-json\/wp\/v2\/comments?post=5228"}],"version-history":[{"count":3,"href":"https:\/\/cieloeste.es\/es\/wp-json\/wp\/v2\/pages\/5228\/revisions"}],"predecessor-version":[{"id":5231,"href":"https:\/\/cieloeste.es\/es\/wp-json\/wp\/v2\/pages\/5228\/revisions\/5231"}],"up":[{"embeddable":true,"href":"https:\/\/cieloeste.es\/es\/wp-json\/wp\/v2\/pages\/5082"}],"wp:attachment":[{"href":"https:\/\/cieloeste.es\/es\/wp-json\/wp\/v2\/media?parent=5228"}],"curies":[{"name":"wp","href":"https:\/\/api.w.org\/{rel}","templated":true}]}}