{"id":5224,"date":"2021-11-02T12:26:28","date_gmt":"2021-11-02T12:26:28","guid":{"rendered":"https:\/\/cieloeste.ir\/?page_id=5224"},"modified":"2021-11-02T12:27:11","modified_gmt":"2021-11-02T12:27:11","slug":"almacenamiento-de-energia-solar-recogida-en-edificios","status":"publish","type":"page","link":"https:\/\/cieloeste.es\/es\/producciones\/cielo-sol\/aplicaciones\/almacenamiento-de-energia-solar-recogida-en-edificios\/","title":{"rendered":"Almacenamiento de energ\u00eda solar recogida en edificios"},"content":{"rendered":"<p>[vc_row][vc_column][vc_column_text]<\/p>\n<p style=\"text-align: justify;\">Una de las virtudes de los PCMs es el almacenamiento de energ\u00eda en edificios con paneles solares.<\/p>\n<p style=\"text-align: justify;\">Usando PCMs en estos sistemas se logra almacenar un volumen alto de energ\u00eda solar durante el d\u00eda, que es usada como calefacci\u00f3n por las noches. Los PCMs en estos sistemas son colocados capa a capa en estrechas c\u00e1maras. El l\u00edquido conductor de calor es transferido sin que haya contacto a trav\u00e9s de las capas con el material.<\/p>\n<table style=\"border-collapse: collapse; width: 100%;\">\n<tbody>\n<tr>\n<td style=\"width: 50%; text-align: center;\"><img loading=\"lazy\" class=\" wp-image-4538 aligncenter\" src=\"https:\/\/cieloeste.ir\/wp-content\/uploads\/2021\/10\/Storing-collected-energy-by-solar-panels-in-buildings-2.jpg\" alt=\"\" width=\"314\" height=\"225\" srcset=\"https:\/\/cieloeste.es\/wp-content\/uploads\/2021\/10\/Storing-collected-energy-by-solar-panels-in-buildings-2.jpg 400w, https:\/\/cieloeste.es\/wp-content\/uploads\/2021\/10\/Storing-collected-energy-by-solar-panels-in-buildings-2-300x215.jpg 300w\" sizes=\"(max-width: 314px) 100vw, 314px\" \/><\/td>\n<td style=\"width: 50%; text-align: center;\"><img loading=\"lazy\" class=\" wp-image-4539 aligncenter\" src=\"https:\/\/cieloeste.ir\/wp-content\/uploads\/2021\/10\/Storing-collected-energy-by-solar-panels-in-buildings-1.jpg\" alt=\"\" width=\"398\" height=\"224\" srcset=\"https:\/\/cieloeste.es\/wp-content\/uploads\/2021\/10\/Storing-collected-energy-by-solar-panels-in-buildings-1.jpg 400w, https:\/\/cieloeste.es\/wp-content\/uploads\/2021\/10\/Storing-collected-energy-by-solar-panels-in-buildings-1-300x169.jpg 300w\" sizes=\"(max-width: 398px) 100vw, 398px\" \/><\/td>\n<\/tr>\n<\/tbody>\n<\/table>\n<p style=\"text-align: justify;\">El m\u00e9todo utilizado en estos sistemas es el siguiente: la energ\u00eda recogida durante el d\u00eda calienta el l\u00edquido conductor de calor (normalmente agua). Entonces el agua calentada transmite su calor al PCM y \u00e9ste lo recoge en forma de calor latente, por tanto cambiando su fase de s\u00f3lido a l\u00edquido. Por las noches, el agua caliente es reemplazada por agua fr\u00eda en el sistema. Los PCMs cambian de fase de manera inversa (s\u00f3lido a l\u00edquido) para conducir el volumen de calor al agua fr\u00eda, calent\u00e1ndola y controlando la temperatura.<\/p>\n<p style=\"text-align: justify;\">Por \u00faltimo, el agua es utilizada para calefacci\u00f3n o como reserva de agua caliente en el edificio.<\/p>\n<p style=\"text-align: justify;\">El punto de fusi\u00f3n de los PCMs debe permanecer entre 50 y 90\u00baC.<\/p>\n<p>[\/vc_column_text][\/vc_column][\/vc_row]<\/p>\n","protected":false},"excerpt":{"rendered":"<p>[vc_row][vc_column][vc_column_text] Una de las virtudes de los PCMs es el almacenamiento de energ\u00eda en edificios con paneles solares. Usando PCMs en estos sistemas se logra almacenar un volumen alto de energ\u00eda solar durante el d\u00eda, que es usada como calefacci\u00f3n por las noches. Los PCMs en estos sistemas son colocados capa a capa en estrechas &hellip; <a href=\"https:\/\/cieloeste.es\/es\/producciones\/cielo-sol\/aplicaciones\/almacenamiento-de-energia-solar-recogida-en-edificios\/\" class=\"more-link\">Continue reading <span class=\"screen-reader-text\">Almacenamiento de energ\u00eda solar recogida en edificios<\/span><\/a><\/p>\n","protected":false},"author":1,"featured_media":0,"parent":5082,"menu_order":0,"comment_status":"closed","ping_status":"closed","template":"","meta":[],"_links":{"self":[{"href":"https:\/\/cieloeste.es\/es\/wp-json\/wp\/v2\/pages\/5224"}],"collection":[{"href":"https:\/\/cieloeste.es\/es\/wp-json\/wp\/v2\/pages"}],"about":[{"href":"https:\/\/cieloeste.es\/es\/wp-json\/wp\/v2\/types\/page"}],"author":[{"embeddable":true,"href":"https:\/\/cieloeste.es\/es\/wp-json\/wp\/v2\/users\/1"}],"replies":[{"embeddable":true,"href":"https:\/\/cieloeste.es\/es\/wp-json\/wp\/v2\/comments?post=5224"}],"version-history":[{"count":3,"href":"https:\/\/cieloeste.es\/es\/wp-json\/wp\/v2\/pages\/5224\/revisions"}],"predecessor-version":[{"id":5227,"href":"https:\/\/cieloeste.es\/es\/wp-json\/wp\/v2\/pages\/5224\/revisions\/5227"}],"up":[{"embeddable":true,"href":"https:\/\/cieloeste.es\/es\/wp-json\/wp\/v2\/pages\/5082"}],"wp:attachment":[{"href":"https:\/\/cieloeste.es\/es\/wp-json\/wp\/v2\/media?parent=5224"}],"curies":[{"name":"wp","href":"https:\/\/api.w.org\/{rel}","templated":true}]}}