{"id":5220,"date":"2021-11-02T12:24:56","date_gmt":"2021-11-02T12:24:56","guid":{"rendered":"https:\/\/cieloeste.ir\/?page_id=5220"},"modified":"2021-11-02T12:25:19","modified_gmt":"2021-11-02T12:25:19","slug":"estabilizacion-de-temperaturas-en-el-transporte-de-sangre-y-productos-medicos","status":"publish","type":"page","link":"https:\/\/cieloeste.es\/es\/producciones\/cielo-sol\/aplicaciones\/estabilizacion-de-temperaturas-en-el-transporte-de-sangre-y-productos-medicos\/","title":{"rendered":"Estabilizaci\u00f3n de temperaturas en el transporte de sangre y productos m\u00e9dicos"},"content":{"rendered":"<p>[vc_row][vc_column][vc_column_text]<\/p>\n<p style=\"text-align: justify;\">El transporte de productos m\u00e9dicos siempre presenta problemas, tales como la sensibilidad a la temperatura.<\/p>\n<p>&nbsp;<\/p>\n<p style=\"text-align: justify;\"><img loading=\"lazy\" class=\"aligncenter size-full wp-image-4580\" src=\"https:\/\/cieloeste.ir\/wp-content\/uploads\/2021\/10\/Stabilisation-of-temperatures-in-the-transportation-of-blood-and-medical-products.jpg\" alt=\"\" width=\"180\" height=\"140\" \/><\/p>\n<p style=\"text-align: justify;\">El transporte de sangre y \u00f3rganos vivos (h\u00edgados, ri\u00f1ones\u2026 para su trasplante) debe hacerse a una temperatura concreta, y si esa temperatura sube acabar\u00e1 causando da\u00f1os; el uso de los PCMs dentro de las cajas de transporte nos permite controlar la temperatura, evitando de esta manera el deterioro de los productos transportados.<\/p>\n<p>[\/vc_column_text][\/vc_column][\/vc_row]<\/p>\n","protected":false},"excerpt":{"rendered":"<p>[vc_row][vc_column][vc_column_text] El transporte de productos m\u00e9dicos siempre presenta problemas, tales como la sensibilidad a la temperatura. &nbsp; El transporte de sangre y \u00f3rganos vivos (h\u00edgados, ri\u00f1ones\u2026 para su trasplante) debe hacerse a una temperatura concreta, y si esa temperatura sube acabar\u00e1 causando da\u00f1os; el uso de los PCMs dentro de las cajas de transporte nos &hellip; <a href=\"https:\/\/cieloeste.es\/es\/producciones\/cielo-sol\/aplicaciones\/estabilizacion-de-temperaturas-en-el-transporte-de-sangre-y-productos-medicos\/\" class=\"more-link\">Continue reading <span class=\"screen-reader-text\">Estabilizaci\u00f3n de temperaturas en el transporte de sangre y productos m\u00e9dicos<\/span><\/a><\/p>\n","protected":false},"author":1,"featured_media":0,"parent":5082,"menu_order":0,"comment_status":"closed","ping_status":"closed","template":"","meta":[],"_links":{"self":[{"href":"https:\/\/cieloeste.es\/es\/wp-json\/wp\/v2\/pages\/5220"}],"collection":[{"href":"https:\/\/cieloeste.es\/es\/wp-json\/wp\/v2\/pages"}],"about":[{"href":"https:\/\/cieloeste.es\/es\/wp-json\/wp\/v2\/types\/page"}],"author":[{"embeddable":true,"href":"https:\/\/cieloeste.es\/es\/wp-json\/wp\/v2\/users\/1"}],"replies":[{"embeddable":true,"href":"https:\/\/cieloeste.es\/es\/wp-json\/wp\/v2\/comments?post=5220"}],"version-history":[{"count":3,"href":"https:\/\/cieloeste.es\/es\/wp-json\/wp\/v2\/pages\/5220\/revisions"}],"predecessor-version":[{"id":5223,"href":"https:\/\/cieloeste.es\/es\/wp-json\/wp\/v2\/pages\/5220\/revisions\/5223"}],"up":[{"embeddable":true,"href":"https:\/\/cieloeste.es\/es\/wp-json\/wp\/v2\/pages\/5082"}],"wp:attachment":[{"href":"https:\/\/cieloeste.es\/es\/wp-json\/wp\/v2\/media?parent=5220"}],"curies":[{"name":"wp","href":"https:\/\/api.w.org\/{rel}","templated":true}]}}