{"id":5216,"date":"2021-11-02T12:22:10","date_gmt":"2021-11-02T12:22:10","guid":{"rendered":"https:\/\/cieloeste.ir\/?page_id=5216"},"modified":"2021-11-02T12:22:56","modified_gmt":"2021-11-02T12:22:56","slug":"ropa-deportiva","status":"publish","type":"page","link":"https:\/\/cieloeste.es\/es\/producciones\/cielo-sol\/aplicaciones\/ropa-deportiva\/","title":{"rendered":"Ropa deportiva"},"content":{"rendered":"<p>[vc_row][vc_column][vc_column_text]<\/p>\n<p style=\"text-align: justify;\">El calor corporal producido mientras se entrena no suele transferirse bien al entorno, por lo que ocurrir\u00e1 una tensi\u00f3n termal. Los PCMs pueden absorber este calor adicional, liberando del mismo a los atletas.<\/p>\n<p style=\"text-align: justify;\">Guantes de snowboard, botas para conductores de rally, cascos y guantes para motoristas y calzado de golf son ejemplos de usos de los PMCs en deportes.<\/p>\n<p><img loading=\"lazy\" class=\"aligncenter wp-image-4570\" src=\"https:\/\/cieloeste.ir\/wp-content\/uploads\/2021\/10\/AN0RbYcPwjNJg9qC3Qx2AMQ8h_lhy0AEGmWQoGUeFEk-8Om8YJ_Dg61r43F9nyu5xQ-0Q9cLsmeBk6CpdHbN-g.jpg\" alt=\"\" width=\"725\" height=\"380\" srcset=\"https:\/\/cieloeste.es\/wp-content\/uploads\/2021\/10\/AN0RbYcPwjNJg9qC3Qx2AMQ8h_lhy0AEGmWQoGUeFEk-8Om8YJ_Dg61r43F9nyu5xQ-0Q9cLsmeBk6CpdHbN-g.jpg 1000w, https:\/\/cieloeste.es\/wp-content\/uploads\/2021\/10\/AN0RbYcPwjNJg9qC3Qx2AMQ8h_lhy0AEGmWQoGUeFEk-8Om8YJ_Dg61r43F9nyu5xQ-0Q9cLsmeBk6CpdHbN-g-300x157.jpg 300w, https:\/\/cieloeste.es\/wp-content\/uploads\/2021\/10\/AN0RbYcPwjNJg9qC3Qx2AMQ8h_lhy0AEGmWQoGUeFEk-8Om8YJ_Dg61r43F9nyu5xQ-0Q9cLsmeBk6CpdHbN-g-768x402.jpg 768w\" sizes=\"(max-width: 725px) 100vw, 725px\" \/><\/p>\n<p style=\"text-align: justify;\">Ayudando con la bajada de la temperatura corporal, la energ\u00eda que se utilizaba para refrescar el cuerpo ahora puede ser usada de otra forma, por tanto mejorando el rendimiento. Basado en estudios, usar t\u00e9cnicas de refrigeraci\u00f3n antes del entrenamiento puede mejorar el rendimiento corporal.<\/p>\n<p style=\"text-align: justify;\">Reduciendo la temperatura corporal antes de entrenar, permitimos que llegue m\u00e1s sangre a los pulmones y m\u00e1s ox\u00edgeno a los m\u00fasculos, lo cual ayuda a lograr un mejor rendimiento.<\/p>\n<p>[\/vc_column_text][\/vc_column][\/vc_row]<\/p>\n","protected":false},"excerpt":{"rendered":"<p>[vc_row][vc_column][vc_column_text] El calor corporal producido mientras se entrena no suele transferirse bien al entorno, por lo que ocurrir\u00e1 una tensi\u00f3n termal. Los PCMs pueden absorber este calor adicional, liberando del mismo a los atletas. Guantes de snowboard, botas para conductores de rally, cascos y guantes para motoristas y calzado de golf son ejemplos de usos &hellip; <a href=\"https:\/\/cieloeste.es\/es\/producciones\/cielo-sol\/aplicaciones\/ropa-deportiva\/\" class=\"more-link\">Continue reading <span class=\"screen-reader-text\">Ropa deportiva<\/span><\/a><\/p>\n","protected":false},"author":1,"featured_media":0,"parent":5082,"menu_order":0,"comment_status":"closed","ping_status":"closed","template":"","meta":[],"_links":{"self":[{"href":"https:\/\/cieloeste.es\/es\/wp-json\/wp\/v2\/pages\/5216"}],"collection":[{"href":"https:\/\/cieloeste.es\/es\/wp-json\/wp\/v2\/pages"}],"about":[{"href":"https:\/\/cieloeste.es\/es\/wp-json\/wp\/v2\/types\/page"}],"author":[{"embeddable":true,"href":"https:\/\/cieloeste.es\/es\/wp-json\/wp\/v2\/users\/1"}],"replies":[{"embeddable":true,"href":"https:\/\/cieloeste.es\/es\/wp-json\/wp\/v2\/comments?post=5216"}],"version-history":[{"count":3,"href":"https:\/\/cieloeste.es\/es\/wp-json\/wp\/v2\/pages\/5216\/revisions"}],"predecessor-version":[{"id":5219,"href":"https:\/\/cieloeste.es\/es\/wp-json\/wp\/v2\/pages\/5216\/revisions\/5219"}],"up":[{"embeddable":true,"href":"https:\/\/cieloeste.es\/es\/wp-json\/wp\/v2\/pages\/5082"}],"wp:attachment":[{"href":"https:\/\/cieloeste.es\/es\/wp-json\/wp\/v2\/media?parent=5216"}],"curies":[{"name":"wp","href":"https:\/\/api.w.org\/{rel}","templated":true}]}}