{"id":5212,"date":"2021-11-02T12:20:58","date_gmt":"2021-11-02T12:20:58","guid":{"rendered":"https:\/\/cieloeste.ir\/?page_id=5212"},"modified":"2021-11-02T12:21:27","modified_gmt":"2021-11-02T12:21:27","slug":"calentadores-solares-de-agua","status":"publish","type":"page","link":"https:\/\/cieloeste.es\/es\/producciones\/cielo-sol\/aplicaciones\/calentadores-solares-de-agua\/","title":{"rendered":"Calentadores solares de agua"},"content":{"rendered":"<p>[vc_row][vc_column][vc_column_text]<\/p>\n<p style=\"text-align: justify;\">La manera usual de almacenar calor con los calentadores solares de agua es utilizando el calor sensible. Esto se consigue incrementando la temperatura del agua y de una mezcla anticongelante en el almacenador de agua. El uso de los PCMs es una nueva forma de conseguirlo y tiene muchos diferentes beneficios.<\/p>\n<p style=\"text-align: justify;\">El rendimiento de los calentadores solares de agua fue investigado usando el calor latente de un PCM y el calor sensible del agua en un almacenador de agua caliente y estudiaron como mejorar su rendimiento desde el punto de vista de la energ\u00eda y la exerg\u00eda.<\/p>\n<p style=\"text-align: justify;\"><img loading=\"lazy\" class=\"size-full wp-image-4547 aligncenter\" src=\"https:\/\/cieloeste.ir\/wp-content\/uploads\/2021\/10\/shutterstock_192039461.jpg\" alt=\"\" width=\"678\" height=\"509\" srcset=\"https:\/\/cieloeste.es\/wp-content\/uploads\/2021\/10\/shutterstock_192039461.jpg 678w, https:\/\/cieloeste.es\/wp-content\/uploads\/2021\/10\/shutterstock_192039461-300x225.jpg 300w\" sizes=\"(max-width: 678px) 100vw, 678px\" \/><\/p>\n<p style=\"text-align: justify;\">En este m\u00e9todo, un tipo de PCM con atributos termodin\u00e1micos especiales fue utilizado como PCM dentro de c\u00e1psulas esf\u00e9ricas en el tanque de almacenamiento.<\/p>\n<p style=\"text-align: justify;\">Los experimentos ocurrieron en tres condiciones diferentes de radiaci\u00f3n: baja, media y alta. Los resultados que mostraron la mayor mejor\u00eda en el almacenamiento de energ\u00eda fueron los que se llevaron a cabo en condiciones altas, con un 39%. En el almacenamiento de exerg\u00eda, la mayor mejor\u00eda fue experimentada en condiciones medias, con un 17%.<\/p>\n<p>[\/vc_column_text][\/vc_column][\/vc_row]<\/p>\n","protected":false},"excerpt":{"rendered":"<p>[vc_row][vc_column][vc_column_text] La manera usual de almacenar calor con los calentadores solares de agua es utilizando el calor sensible. Esto se consigue incrementando la temperatura del agua y de una mezcla anticongelante en el almacenador de agua. El uso de los PCMs es una nueva forma de conseguirlo y tiene muchos diferentes beneficios. El rendimiento de &hellip; <a href=\"https:\/\/cieloeste.es\/es\/producciones\/cielo-sol\/aplicaciones\/calentadores-solares-de-agua\/\" class=\"more-link\">Continue reading <span class=\"screen-reader-text\">Calentadores solares de agua<\/span><\/a><\/p>\n","protected":false},"author":1,"featured_media":0,"parent":5082,"menu_order":0,"comment_status":"closed","ping_status":"closed","template":"","meta":[],"_links":{"self":[{"href":"https:\/\/cieloeste.es\/es\/wp-json\/wp\/v2\/pages\/5212"}],"collection":[{"href":"https:\/\/cieloeste.es\/es\/wp-json\/wp\/v2\/pages"}],"about":[{"href":"https:\/\/cieloeste.es\/es\/wp-json\/wp\/v2\/types\/page"}],"author":[{"embeddable":true,"href":"https:\/\/cieloeste.es\/es\/wp-json\/wp\/v2\/users\/1"}],"replies":[{"embeddable":true,"href":"https:\/\/cieloeste.es\/es\/wp-json\/wp\/v2\/comments?post=5212"}],"version-history":[{"count":3,"href":"https:\/\/cieloeste.es\/es\/wp-json\/wp\/v2\/pages\/5212\/revisions"}],"predecessor-version":[{"id":5215,"href":"https:\/\/cieloeste.es\/es\/wp-json\/wp\/v2\/pages\/5212\/revisions\/5215"}],"up":[{"embeddable":true,"href":"https:\/\/cieloeste.es\/es\/wp-json\/wp\/v2\/pages\/5082"}],"wp:attachment":[{"href":"https:\/\/cieloeste.es\/es\/wp-json\/wp\/v2\/media?parent=5212"}],"curies":[{"name":"wp","href":"https:\/\/api.w.org\/{rel}","templated":true}]}}