{"id":5208,"date":"2021-11-02T12:19:23","date_gmt":"2021-11-02T12:19:23","guid":{"rendered":"https:\/\/cieloeste.ir\/?page_id=5208"},"modified":"2021-11-02T12:19:57","modified_gmt":"2021-11-02T12:19:57","slug":"equipamiento-para-dormir","status":"publish","type":"page","link":"https:\/\/cieloeste.es\/es\/producciones\/cielo-sol\/aplicaciones\/equipamiento-para-dormir\/","title":{"rendered":"Equipamiento para dormir"},"content":{"rendered":"<p>[vc_row][vc_column][vc_column_text]<\/p>\n<p style=\"text-align: justify;\">Las micro-c\u00e1psulas rellenas de PCMs colocadas dentro de edredones, almohadas y colchones juegan un papel activo a la hora de controlar la temperatura en el dormitorio.<\/p>\n<p><img loading=\"lazy\" class=\"aligncenter wp-image-4562\" src=\"https:\/\/cieloeste.ir\/wp-content\/uploads\/2021\/10\/Sleeping_Pad_1_Person_0434-retouched_2048x.jpg\" alt=\"\" width=\"583\" height=\"388\" srcset=\"https:\/\/cieloeste.es\/wp-content\/uploads\/2021\/10\/Sleeping_Pad_1_Person_0434-retouched_2048x.jpg 1200w, https:\/\/cieloeste.es\/wp-content\/uploads\/2021\/10\/Sleeping_Pad_1_Person_0434-retouched_2048x-300x200.jpg 300w, https:\/\/cieloeste.es\/wp-content\/uploads\/2021\/10\/Sleeping_Pad_1_Person_0434-retouched_2048x-1024x683.jpg 1024w, https:\/\/cieloeste.es\/wp-content\/uploads\/2021\/10\/Sleeping_Pad_1_Person_0434-retouched_2048x-768x512.jpg 768w\" sizes=\"(max-width: 583px) 100vw, 583px\" \/><\/p>\n<p style=\"text-align: justify;\">Cuando el cuerpo est\u00e1 caliente, al cambiar de fase de s\u00f3lido a l\u00edquido, el calor sobrante es absorbido por los PCMs de tal forma que el cuerpo permanecer\u00e1 fresco y cuando el cuerpo se enfr\u00eda, al cambiar de fase de l\u00edquido a s\u00f3lido, el calor absorbido previamente por los PCMs es liberado de tal forma que se calentar\u00e1 el cuerpo.<\/p>\n<p>[\/vc_column_text][\/vc_column][\/vc_row]<\/p>\n","protected":false},"excerpt":{"rendered":"<p>[vc_row][vc_column][vc_column_text] Las micro-c\u00e1psulas rellenas de PCMs colocadas dentro de edredones, almohadas y colchones juegan un papel activo a la hora de controlar la temperatura en el dormitorio. Cuando el cuerpo est\u00e1 caliente, al cambiar de fase de s\u00f3lido a l\u00edquido, el calor sobrante es absorbido por los PCMs de tal forma que el cuerpo permanecer\u00e1 &hellip; <a href=\"https:\/\/cieloeste.es\/es\/producciones\/cielo-sol\/aplicaciones\/equipamiento-para-dormir\/\" class=\"more-link\">Continue reading <span class=\"screen-reader-text\">Equipamiento para dormir<\/span><\/a><\/p>\n","protected":false},"author":1,"featured_media":0,"parent":5082,"menu_order":0,"comment_status":"closed","ping_status":"closed","template":"","meta":[],"_links":{"self":[{"href":"https:\/\/cieloeste.es\/es\/wp-json\/wp\/v2\/pages\/5208"}],"collection":[{"href":"https:\/\/cieloeste.es\/es\/wp-json\/wp\/v2\/pages"}],"about":[{"href":"https:\/\/cieloeste.es\/es\/wp-json\/wp\/v2\/types\/page"}],"author":[{"embeddable":true,"href":"https:\/\/cieloeste.es\/es\/wp-json\/wp\/v2\/users\/1"}],"replies":[{"embeddable":true,"href":"https:\/\/cieloeste.es\/es\/wp-json\/wp\/v2\/comments?post=5208"}],"version-history":[{"count":3,"href":"https:\/\/cieloeste.es\/es\/wp-json\/wp\/v2\/pages\/5208\/revisions"}],"predecessor-version":[{"id":5211,"href":"https:\/\/cieloeste.es\/es\/wp-json\/wp\/v2\/pages\/5208\/revisions\/5211"}],"up":[{"embeddable":true,"href":"https:\/\/cieloeste.es\/es\/wp-json\/wp\/v2\/pages\/5082"}],"wp:attachment":[{"href":"https:\/\/cieloeste.es\/es\/wp-json\/wp\/v2\/media?parent=5208"}],"curies":[{"name":"wp","href":"https:\/\/api.w.org\/{rel}","templated":true}]}}