{"id":5199,"date":"2021-11-02T12:15:40","date_gmt":"2021-11-02T12:15:40","guid":{"rendered":"https:\/\/cieloeste.ir\/?page_id=5199"},"modified":"2021-11-02T12:17:38","modified_gmt":"2021-11-02T12:17:38","slug":"satelites","status":"publish","type":"page","link":"https:\/\/cieloeste.es\/es\/producciones\/cielo-sol\/aplicaciones\/satelites\/","title":{"rendered":"Sat\u00e9lites"},"content":{"rendered":"<p>[vc_row][vc_column][vc_column_text]<\/p>\n<p style=\"text-align: justify;\">Los sat\u00e9lites que circulan en \u00f3rbita espacial alrededor de la Tierra tienen celdas solares para absorber la energ\u00eda solar y convertirla en electricidad. La temperatura de estas celdas alcanza cifras muy altas debido a la luz solar. Los PCMs pueden ayudar a controlar y mantener estas temperaturas en un n\u00famero concreto para prevenir cualquier da\u00f1o.<\/p>\n<p><img loading=\"lazy\" class=\"aligncenter wp-image-5118\" src=\"https:\/\/cieloeste.ir\/wp-content\/uploads\/2021\/11\/satellite-donnees-oceanographiques.jpg\" alt=\"\" width=\"732\" height=\"487\" srcset=\"https:\/\/cieloeste.es\/wp-content\/uploads\/2021\/11\/satellite-donnees-oceanographiques.jpg 1000w, https:\/\/cieloeste.es\/wp-content\/uploads\/2021\/11\/satellite-donnees-oceanographiques-300x200.jpg 300w, https:\/\/cieloeste.es\/wp-content\/uploads\/2021\/11\/satellite-donnees-oceanographiques-768x511.jpg 768w\" sizes=\"(max-width: 732px) 100vw, 732px\" \/><\/p>\n<p style=\"text-align: justify;\">Tambi\u00e9n, los sat\u00e9lites incluyen componentes situados en disipadores de calor, cuya tarea es la de absorber el calor extra de dichos componentes; si la cantidad de calor y el n\u00famero de componentes aumenta, entonces se necesitar\u00e1n disipadores de calor m\u00e1s grandes. Utilizando PCMs en los componentes, podremos utilizar disipadores de calor m\u00e1s peque\u00f1os y ligeros para absorber esta energ\u00eda.<\/p>\n<p>[\/vc_column_text][\/vc_column][\/vc_row]<\/p>\n","protected":false},"excerpt":{"rendered":"<p>[vc_row][vc_column][vc_column_text] Los sat\u00e9lites que circulan en \u00f3rbita espacial alrededor de la Tierra tienen celdas solares para absorber la energ\u00eda solar y convertirla en electricidad. La temperatura de estas celdas alcanza cifras muy altas debido a la luz solar. Los PCMs pueden ayudar a controlar y mantener estas temperaturas en un n\u00famero concreto para prevenir cualquier &hellip; <a href=\"https:\/\/cieloeste.es\/es\/producciones\/cielo-sol\/aplicaciones\/satelites\/\" class=\"more-link\">Continue reading <span class=\"screen-reader-text\">Sat\u00e9lites<\/span><\/a><\/p>\n","protected":false},"author":1,"featured_media":0,"parent":5082,"menu_order":0,"comment_status":"closed","ping_status":"closed","template":"","meta":[],"_links":{"self":[{"href":"https:\/\/cieloeste.es\/es\/wp-json\/wp\/v2\/pages\/5199"}],"collection":[{"href":"https:\/\/cieloeste.es\/es\/wp-json\/wp\/v2\/pages"}],"about":[{"href":"https:\/\/cieloeste.es\/es\/wp-json\/wp\/v2\/types\/page"}],"author":[{"embeddable":true,"href":"https:\/\/cieloeste.es\/es\/wp-json\/wp\/v2\/users\/1"}],"replies":[{"embeddable":true,"href":"https:\/\/cieloeste.es\/es\/wp-json\/wp\/v2\/comments?post=5199"}],"version-history":[{"count":4,"href":"https:\/\/cieloeste.es\/es\/wp-json\/wp\/v2\/pages\/5199\/revisions"}],"predecessor-version":[{"id":5203,"href":"https:\/\/cieloeste.es\/es\/wp-json\/wp\/v2\/pages\/5199\/revisions\/5203"}],"up":[{"embeddable":true,"href":"https:\/\/cieloeste.es\/es\/wp-json\/wp\/v2\/pages\/5082"}],"wp:attachment":[{"href":"https:\/\/cieloeste.es\/es\/wp-json\/wp\/v2\/media?parent=5199"}],"curies":[{"name":"wp","href":"https:\/\/api.w.org\/{rel}","templated":true}]}}