{"id":5191,"date":"2021-11-02T12:12:29","date_gmt":"2021-11-02T12:12:29","guid":{"rendered":"https:\/\/cieloeste.ir\/?page_id=5191"},"modified":"2021-11-02T12:13:50","modified_gmt":"2021-11-02T12:13:50","slug":"provision-de-calefaccion-y-ventilacion-en-edificios","status":"publish","type":"page","link":"https:\/\/cieloeste.es\/es\/producciones\/cielo-sol\/aplicaciones\/provision-de-calefaccion-y-ventilacion-en-edificios\/","title":{"rendered":"Provisi\u00f3n de calefacci\u00f3n y ventilaci\u00f3n en edificios"},"content":{"rendered":"<p>[vc_row][vc_column][vc_column_text]<\/p>\n<p style=\"text-align: justify;\">Usualmente los sistemas de ventilaci\u00f3n son utilizados para proporcionar calefacci\u00f3n y ventilaci\u00f3n dentro de los edificios.<\/p>\n<p style=\"text-align: justify;\">No obstante, estos sistemas suele tener una alta tasa de consumo. Una manera de mejorar esto es la utilizaci\u00f3n de Materiales de Cambio de Fase (Phase Change Materials o PCMs) con temperaturas que van desde los 20 a los 28\u00baC y coloc\u00e1ndolos dentro de la estructura de las paredes. Para la nivelaci\u00f3n de cargas punta, la temperatura de los edificios permanecer\u00e1 constante a la temperatura de cambio de fase, conduciendo por tanto a menores tasas de consumo de energ\u00eda.<\/p>\n<p><img loading=\"lazy\" class=\"aligncenter size-full wp-image-4555\" src=\"https:\/\/cieloeste.ir\/wp-content\/uploads\/2021\/10\/c-house.jpg\" alt=\"\" width=\"709\" height=\"522\" srcset=\"https:\/\/cieloeste.es\/wp-content\/uploads\/2021\/10\/c-house.jpg 709w, https:\/\/cieloeste.es\/wp-content\/uploads\/2021\/10\/c-house-300x221.jpg 300w\" sizes=\"(max-width: 709px) 100vw, 709px\" \/><\/p>\n<p style=\"text-align: justify;\">En los meses c\u00e1lidos, cuando las temperaturas suben por encima de la temperatura de cambio de fase (por ejemplo, 24\u00baC) estos materiales comienzan a absorber energ\u00eda (calor) y al hacerlo no permiten que las temperaturas aumenten. M\u00e1s tarde, la energ\u00eda absorbida es evacuada, a medianoche.<\/p>\n<p style=\"text-align: justify;\">Durante los meses fr\u00edos, justo cuando las temperaturas tratan de alcanzar cifras inferiores a las de la temperatura de cambio de fase (24\u00baC) la energ\u00eda absorbida previamente ser\u00e1 liberada al medio para prevenir dicha ca\u00edda de temperatura.<\/p>\n<p><img loading=\"lazy\" class=\"aligncenter size-full wp-image-4557\" src=\"https:\/\/cieloeste.ir\/wp-content\/uploads\/2021\/10\/Providing-heating-and-ventilation-comfort-in-buildings.jpg\" alt=\"\" width=\"251\" height=\"201\" \/><\/p>\n<p style=\"text-align: justify;\">Estos nuevos materiales se cargan a trav\u00e9s del calor del sol y el entorno. Los PCMs con una temperatura de fusi\u00f3n de 15\u00baC son utilizados en sistemas de aire acondicionado como refrigerantes, ventiladores, etc.<\/p>\n<p style=\"text-align: justify;\">Este plan conducir\u00e1 a la nivelaci\u00f3n de cargas punta en el consumo de energ\u00eda derivado del aire acondicionado y los sistemas de ventilaci\u00f3n. Finalmente, llevar\u00e1 a niveles de consumo m\u00e1s bajos.<\/p>\n<p>[\/vc_column_text][\/vc_column][\/vc_row]<\/p>\n","protected":false},"excerpt":{"rendered":"<p>[vc_row][vc_column][vc_column_text] Usualmente los sistemas de ventilaci\u00f3n son utilizados para proporcionar calefacci\u00f3n y ventilaci\u00f3n dentro de los edificios. No obstante, estos sistemas suele tener una alta tasa de consumo. Una manera de mejorar esto es la utilizaci\u00f3n de Materiales de Cambio de Fase (Phase Change Materials o PCMs) con temperaturas que van desde los 20 a &hellip; <a href=\"https:\/\/cieloeste.es\/es\/producciones\/cielo-sol\/aplicaciones\/provision-de-calefaccion-y-ventilacion-en-edificios\/\" class=\"more-link\">Continue reading <span class=\"screen-reader-text\">Provisi\u00f3n de calefacci\u00f3n y ventilaci\u00f3n en edificios<\/span><\/a><\/p>\n","protected":false},"author":1,"featured_media":0,"parent":5082,"menu_order":0,"comment_status":"closed","ping_status":"closed","template":"","meta":[],"_links":{"self":[{"href":"https:\/\/cieloeste.es\/es\/wp-json\/wp\/v2\/pages\/5191"}],"collection":[{"href":"https:\/\/cieloeste.es\/es\/wp-json\/wp\/v2\/pages"}],"about":[{"href":"https:\/\/cieloeste.es\/es\/wp-json\/wp\/v2\/types\/page"}],"author":[{"embeddable":true,"href":"https:\/\/cieloeste.es\/es\/wp-json\/wp\/v2\/users\/1"}],"replies":[{"embeddable":true,"href":"https:\/\/cieloeste.es\/es\/wp-json\/wp\/v2\/comments?post=5191"}],"version-history":[{"count":3,"href":"https:\/\/cieloeste.es\/es\/wp-json\/wp\/v2\/pages\/5191\/revisions"}],"predecessor-version":[{"id":5194,"href":"https:\/\/cieloeste.es\/es\/wp-json\/wp\/v2\/pages\/5191\/revisions\/5194"}],"up":[{"embeddable":true,"href":"https:\/\/cieloeste.es\/es\/wp-json\/wp\/v2\/pages\/5082"}],"wp:attachment":[{"href":"https:\/\/cieloeste.es\/es\/wp-json\/wp\/v2\/media?parent=5191"}],"curies":[{"name":"wp","href":"https:\/\/api.w.org\/{rel}","templated":true}]}}