{"id":5181,"date":"2021-11-02T12:07:46","date_gmt":"2021-11-02T12:07:46","guid":{"rendered":"https:\/\/cieloeste.ir\/?page_id=5181"},"modified":"2021-11-02T12:08:14","modified_gmt":"2021-11-02T12:08:14","slug":"cascos-de-motocicleta","status":"publish","type":"page","link":"https:\/\/cieloeste.es\/es\/producciones\/cielo-sol\/aplicaciones\/cascos-de-motocicleta\/","title":{"rendered":"Cascos de motocicleta"},"content":{"rendered":"<p>[vc_row][vc_column][vc_column_text]Desgraciadamente, el problema de los cascos es tan grave que en algunos pa\u00edses c\u00e1lidos los motociclistas ponen sus vidas en peligro durante el verano no utiliz\u00e1ndolos.<\/p>\n<p style=\"text-align: justify;\"><img loading=\"lazy\" class=\"aligncenter wp-image-4578\" src=\"https:\/\/cieloeste.ir\/wp-content\/uploads\/2021\/10\/photo-1611004061856-ccc3cbe944b2.jpg\" alt=\"\" width=\"707\" height=\"471\" srcset=\"https:\/\/cieloeste.es\/wp-content\/uploads\/2021\/10\/photo-1611004061856-ccc3cbe944b2.jpg 1000w, https:\/\/cieloeste.es\/wp-content\/uploads\/2021\/10\/photo-1611004061856-ccc3cbe944b2-300x200.jpg 300w, https:\/\/cieloeste.es\/wp-content\/uploads\/2021\/10\/photo-1611004061856-ccc3cbe944b2-768x512.jpg 768w\" sizes=\"(max-width: 707px) 100vw, 707px\" \/><\/p>\n<p style=\"text-align: justify;\">Los PCMs situados en los cascos absorben el exceso de calor alrededor de la cabeza del motociclista, basados en su calor latente espec\u00edfico y cambian de fase de s\u00f3lido a l\u00edquido para que el motociclista experimente satisfacci\u00f3n y disfrute de una temperatura agradable.<\/p>\n<p>[\/vc_column_text][\/vc_column][\/vc_row]<\/p>\n","protected":false},"excerpt":{"rendered":"<p>[vc_row][vc_column][vc_column_text]Desgraciadamente, el problema de los cascos es tan grave que en algunos pa\u00edses c\u00e1lidos los motociclistas ponen sus vidas en peligro durante el verano no utiliz\u00e1ndolos. Los PCMs situados en los cascos absorben el exceso de calor alrededor de la cabeza del motociclista, basados en su calor latente espec\u00edfico y cambian de fase de s\u00f3lido &hellip; <a href=\"https:\/\/cieloeste.es\/es\/producciones\/cielo-sol\/aplicaciones\/cascos-de-motocicleta\/\" class=\"more-link\">Continue reading <span class=\"screen-reader-text\">Cascos de motocicleta<\/span><\/a><\/p>\n","protected":false},"author":1,"featured_media":0,"parent":5082,"menu_order":0,"comment_status":"closed","ping_status":"closed","template":"","meta":[],"_links":{"self":[{"href":"https:\/\/cieloeste.es\/es\/wp-json\/wp\/v2\/pages\/5181"}],"collection":[{"href":"https:\/\/cieloeste.es\/es\/wp-json\/wp\/v2\/pages"}],"about":[{"href":"https:\/\/cieloeste.es\/es\/wp-json\/wp\/v2\/types\/page"}],"author":[{"embeddable":true,"href":"https:\/\/cieloeste.es\/es\/wp-json\/wp\/v2\/users\/1"}],"replies":[{"embeddable":true,"href":"https:\/\/cieloeste.es\/es\/wp-json\/wp\/v2\/comments?post=5181"}],"version-history":[{"count":3,"href":"https:\/\/cieloeste.es\/es\/wp-json\/wp\/v2\/pages\/5181\/revisions"}],"predecessor-version":[{"id":5184,"href":"https:\/\/cieloeste.es\/es\/wp-json\/wp\/v2\/pages\/5181\/revisions\/5184"}],"up":[{"embeddable":true,"href":"https:\/\/cieloeste.es\/es\/wp-json\/wp\/v2\/pages\/5082"}],"wp:attachment":[{"href":"https:\/\/cieloeste.es\/es\/wp-json\/wp\/v2\/media?parent=5181"}],"curies":[{"name":"wp","href":"https:\/\/api.w.org\/{rel}","templated":true}]}}