{"id":5178,"date":"2021-11-02T12:05:47","date_gmt":"2021-11-02T12:05:47","guid":{"rendered":"https:\/\/cieloeste.ir\/?page_id=5178"},"modified":"2021-11-02T12:06:27","modified_gmt":"2021-11-02T12:06:27","slug":"invernaderos","status":"publish","type":"page","link":"https:\/\/cieloeste.es\/es\/producciones\/cielo-sol\/aplicaciones\/invernaderos\/","title":{"rendered":"Invernaderos"},"content":{"rendered":"<p>[vc_row][vc_column][vc_column_text]<\/p>\n<p style=\"text-align: justify;\">En \u00e1reas de clima caliente las plantas crecen fuera, pero la producci\u00f3n en zonas fr\u00edas es problem\u00e1tica debido a las restricciones clim\u00e1ticas. Aqu\u00ed es donde lugares controlados como los invernaderos y sus accesorios muestran su importancia.<\/p>\n<p style=\"text-align: justify;\">Hoy, con el uso de zonas cubiertas, existe mucha producci\u00f3n durante las \u00e9pocas invernales. Los PCMs se utilizan para controlar las temperaturas en los invernaderos y mantenerlas en cifras deseables que ayuden a crecer a las plantas.<\/p>\n<p><img loading=\"lazy\" class=\"aligncenter wp-image-5123\" src=\"https:\/\/cieloeste.ir\/wp-content\/uploads\/2021\/11\/1622731345-headerabforgrenhouse.jpg\" alt=\"\" width=\"953\" height=\"447\" srcset=\"https:\/\/cieloeste.es\/wp-content\/uploads\/2021\/11\/1622731345-headerabforgrenhouse.jpg 1920w, https:\/\/cieloeste.es\/wp-content\/uploads\/2021\/11\/1622731345-headerabforgrenhouse-300x141.jpg 300w, https:\/\/cieloeste.es\/wp-content\/uploads\/2021\/11\/1622731345-headerabforgrenhouse-1024x480.jpg 1024w, https:\/\/cieloeste.es\/wp-content\/uploads\/2021\/11\/1622731345-headerabforgrenhouse-768x360.jpg 768w, https:\/\/cieloeste.es\/wp-content\/uploads\/2021\/11\/1622731345-headerabforgrenhouse-1536x720.jpg 1536w\" sizes=\"(max-width: 953px) 100vw, 953px\" \/>[\/vc_column_text][\/vc_column][\/vc_row]<\/p>\n","protected":false},"excerpt":{"rendered":"<p>[vc_row][vc_column][vc_column_text] En \u00e1reas de clima caliente las plantas crecen fuera, pero la producci\u00f3n en zonas fr\u00edas es problem\u00e1tica debido a las restricciones clim\u00e1ticas. Aqu\u00ed es donde lugares controlados como los invernaderos y sus accesorios muestran su importancia. Hoy, con el uso de zonas cubiertas, existe mucha producci\u00f3n durante las \u00e9pocas invernales. Los PCMs se utilizan &hellip; <a href=\"https:\/\/cieloeste.es\/es\/producciones\/cielo-sol\/aplicaciones\/invernaderos\/\" class=\"more-link\">Continue reading <span class=\"screen-reader-text\">Invernaderos<\/span><\/a><\/p>\n","protected":false},"author":1,"featured_media":0,"parent":5082,"menu_order":0,"comment_status":"closed","ping_status":"closed","template":"","meta":[],"_links":{"self":[{"href":"https:\/\/cieloeste.es\/es\/wp-json\/wp\/v2\/pages\/5178"}],"collection":[{"href":"https:\/\/cieloeste.es\/es\/wp-json\/wp\/v2\/pages"}],"about":[{"href":"https:\/\/cieloeste.es\/es\/wp-json\/wp\/v2\/types\/page"}],"author":[{"embeddable":true,"href":"https:\/\/cieloeste.es\/es\/wp-json\/wp\/v2\/users\/1"}],"replies":[{"embeddable":true,"href":"https:\/\/cieloeste.es\/es\/wp-json\/wp\/v2\/comments?post=5178"}],"version-history":[{"count":2,"href":"https:\/\/cieloeste.es\/es\/wp-json\/wp\/v2\/pages\/5178\/revisions"}],"predecessor-version":[{"id":5180,"href":"https:\/\/cieloeste.es\/es\/wp-json\/wp\/v2\/pages\/5178\/revisions\/5180"}],"up":[{"embeddable":true,"href":"https:\/\/cieloeste.es\/es\/wp-json\/wp\/v2\/pages\/5082"}],"wp:attachment":[{"href":"https:\/\/cieloeste.es\/es\/wp-json\/wp\/v2\/media?parent=5178"}],"curies":[{"name":"wp","href":"https:\/\/api.w.org\/{rel}","templated":true}]}}