{"id":5169,"date":"2021-11-02T11:59:56","date_gmt":"2021-11-02T11:59:56","guid":{"rendered":"https:\/\/cieloeste.ir\/?page_id=5169"},"modified":"2021-11-02T12:01:02","modified_gmt":"2021-11-02T12:01:02","slug":"calentadores-electricos-de-agua","status":"publish","type":"page","link":"https:\/\/cieloeste.es\/es\/producciones\/cielo-sol\/aplicaciones\/calentadores-electricos-de-agua\/","title":{"rendered":"Calentadores el\u00e9ctricos de agua"},"content":{"rendered":"<p>[vc_row][vc_column][vc_column_text]<\/p>\n<p style=\"text-align: justify;\">Un m\u00e9todo com\u00fan para proporcionar agua caliente es el uso de calentadores el\u00e9ctricos. Este tipo de calentadores funcionan consumiendo electricidad y calentando en agua contenida con ella.<\/p>\n<p style=\"text-align: justify;\">La temperatura del agua es controlada con un termostato (si la temperatura sube demasiado, este elemento se apagar\u00e1 y si baja demasiado se encender\u00e1) y esto quiere decir que en un d\u00eda completo y dependiendo del consumo de agua, una cantidad determinada de electricidad ser\u00e1 usada.<\/p>\n<p style=\"text-align: justify;\"><img loading=\"lazy\" class=\"wp-image-4550 aligncenter\" src=\"https:\/\/cieloeste.ir\/wp-content\/uploads\/2021\/10\/After-dualwaterheaterreplacement-960w.jpg\" alt=\"\" width=\"545\" height=\"409\" srcset=\"https:\/\/cieloeste.es\/wp-content\/uploads\/2021\/10\/After-dualwaterheaterreplacement-960w.jpg 960w, https:\/\/cieloeste.es\/wp-content\/uploads\/2021\/10\/After-dualwaterheaterreplacement-960w-300x225.jpg 300w, https:\/\/cieloeste.es\/wp-content\/uploads\/2021\/10\/After-dualwaterheaterreplacement-960w-768x576.jpg 768w, https:\/\/cieloeste.es\/wp-content\/uploads\/2021\/10\/After-dualwaterheaterreplacement-960w-740x556.jpg 740w\" sizes=\"(max-width: 545px) 100vw, 545px\" \/><\/p>\n<p style=\"text-align: justify;\">Como m\u00e9todo nuevo tenemos el uso de c\u00e1psulas esf\u00e9ricas de PCMs. Su colocaci\u00f3n dentro de los contenedores, m\u00e1s la provisi\u00f3n de un temporizador para los calentadores de agua har\u00e1 que los elementos puedan encenderse cuando el precio de la electricidad sea m\u00e1s barato (medianoche hasta que salga el sol), todo ello mientras se proporciona agua caliente; tambi\u00e9n podr\u00e1n cargar las c\u00e1psulas antes de salir el sol. Durante el d\u00eda, cuando el precio de la electricidad es alto y sin consumir energ\u00eda, los PCMs dentro de las c\u00e1psulas liberar\u00e1n su calor latente al agua cambiando de fase (de l\u00edquido a s\u00f3lido) resultando en temperaturas de agua estables y constantes.<\/p>\n<p style=\"text-align: justify;\">Antes de que toda la energ\u00eda almacenada en las c\u00e1psulas sea liberada habr\u00e1 llegado la medianoche y el temporizador se encender\u00e1 de nuevo. Encendiendo el elemento, el proceso de recarga comenzar\u00e1 de nuevo. El punto de fusi\u00f3n de los PCMs para este prop\u00f3sito debe permanecer entre 50 y 90\u00baC.<\/p>\n<p>[\/vc_column_text][\/vc_column][\/vc_row]<\/p>\n","protected":false},"excerpt":{"rendered":"<p>[vc_row][vc_column][vc_column_text] Un m\u00e9todo com\u00fan para proporcionar agua caliente es el uso de calentadores el\u00e9ctricos. Este tipo de calentadores funcionan consumiendo electricidad y calentando en agua contenida con ella. La temperatura del agua es controlada con un termostato (si la temperatura sube demasiado, este elemento se apagar\u00e1 y si baja demasiado se encender\u00e1) y esto quiere &hellip; <a href=\"https:\/\/cieloeste.es\/es\/producciones\/cielo-sol\/aplicaciones\/calentadores-electricos-de-agua\/\" class=\"more-link\">Continue reading <span class=\"screen-reader-text\">Calentadores el\u00e9ctricos de agua<\/span><\/a><\/p>\n","protected":false},"author":1,"featured_media":0,"parent":5082,"menu_order":0,"comment_status":"closed","ping_status":"closed","template":"","meta":[],"_links":{"self":[{"href":"https:\/\/cieloeste.es\/es\/wp-json\/wp\/v2\/pages\/5169"}],"collection":[{"href":"https:\/\/cieloeste.es\/es\/wp-json\/wp\/v2\/pages"}],"about":[{"href":"https:\/\/cieloeste.es\/es\/wp-json\/wp\/v2\/types\/page"}],"author":[{"embeddable":true,"href":"https:\/\/cieloeste.es\/es\/wp-json\/wp\/v2\/users\/1"}],"replies":[{"embeddable":true,"href":"https:\/\/cieloeste.es\/es\/wp-json\/wp\/v2\/comments?post=5169"}],"version-history":[{"count":3,"href":"https:\/\/cieloeste.es\/es\/wp-json\/wp\/v2\/pages\/5169\/revisions"}],"predecessor-version":[{"id":5172,"href":"https:\/\/cieloeste.es\/es\/wp-json\/wp\/v2\/pages\/5169\/revisions\/5172"}],"up":[{"embeddable":true,"href":"https:\/\/cieloeste.es\/es\/wp-json\/wp\/v2\/pages\/5082"}],"wp:attachment":[{"href":"https:\/\/cieloeste.es\/es\/wp-json\/wp\/v2\/media?parent=5169"}],"curies":[{"name":"wp","href":"https:\/\/api.w.org\/{rel}","templated":true}]}}