{"id":5163,"date":"2021-11-02T11:57:12","date_gmt":"2021-11-02T11:57:12","guid":{"rendered":"https:\/\/cieloeste.ir\/?page_id=5163"},"modified":"2021-11-02T11:59:28","modified_gmt":"2021-11-02T11:59:28","slug":"enfriamiento-del-servidor-y-salas-de-soporte","status":"publish","type":"page","link":"https:\/\/cieloeste.es\/es\/producciones\/cielo-sol\/aplicaciones\/enfriamiento-del-servidor-y-salas-de-soporte\/","title":{"rendered":"Enfriamiento del servidor y salas de soporte"},"content":{"rendered":"<p>[vc_row][vc_column][vc_column_text]<\/p>\n<p style=\"text-align: justify;\">El equipamiento inform\u00e1tico y de redes est\u00e1 dise\u00f1ado de tal forma que s\u00f3lo puede funcionar a un determinado rango de temperatura.<\/p>\n<p style=\"text-align: justify;\">Para garantizar un rendimiento adecuado y la vida m\u00e1xima de cada pieza, la temperatura no deber\u00eda ser ni inferior ni superior a un cierto grado.<\/p>\n<p style=\"text-align: justify;\">Incluso unos pocos grados por encima del rango ideal de temperatura podr\u00edan da\u00f1ar el chip de un servidor. El propio equipamiento produce calor mientras funciona.<\/p>\n<p style=\"text-align: justify;\">Esto tambi\u00e9n podr\u00eda da\u00f1ar el periodo de vida de un servidor o hacer que funcione defectuosamente. El costo de este error ser\u00eda enorme. Reemplazar el servidor supondr\u00eda un gran problema. La p\u00e9rdida de las inversiones en comercio electr\u00f3nico, malgastar el tiempo de los clientes y perder sus datos y otros gastos son tambi\u00e9n problemas importantes.<\/p>\n<p style=\"text-align: justify;\"><img loading=\"lazy\" class=\"aligncenter wp-image-5127\" src=\"https:\/\/cieloeste.ir\/wp-content\/uploads\/2021\/11\/Server_Wallpaper.jpg\" alt=\"\" width=\"798\" height=\"449\" srcset=\"https:\/\/cieloeste.es\/wp-content\/uploads\/2021\/11\/Server_Wallpaper.jpg 1920w, https:\/\/cieloeste.es\/wp-content\/uploads\/2021\/11\/Server_Wallpaper-300x169.jpg 300w, https:\/\/cieloeste.es\/wp-content\/uploads\/2021\/11\/Server_Wallpaper-1024x576.jpg 1024w, https:\/\/cieloeste.es\/wp-content\/uploads\/2021\/11\/Server_Wallpaper-768x432.jpg 768w, https:\/\/cieloeste.es\/wp-content\/uploads\/2021\/11\/Server_Wallpaper-1536x864.jpg 1536w\" sizes=\"(max-width: 798px) 100vw, 798px\" \/><\/p>\n<p style=\"text-align: justify;\">Por tanto, existe una gran necesidad de sistemas de refrigeraci\u00f3n para mantener el rendimiento de los servidores.<\/p>\n<p style=\"text-align: justify;\">Para estabilizar y mantener temperaturas frescas en estas salas, los PCMs se utilizan dentro de los muros, manteniendo la temperatura constante (normalmente entre 10 y 15\u00baC). La parrilla produce calor. Los ventiladores convertir\u00e1n el calor gracias a la temperatura de la habitaci\u00f3n (m\u00e1s fr\u00eda) para que no se produzca ning\u00fan da\u00f1o al servidor.<\/p>\n<p>[\/vc_column_text][\/vc_column][\/vc_row]<\/p>\n","protected":false},"excerpt":{"rendered":"<p>[vc_row][vc_column][vc_column_text] El equipamiento inform\u00e1tico y de redes est\u00e1 dise\u00f1ado de tal forma que s\u00f3lo puede funcionar a un determinado rango de temperatura. Para garantizar un rendimiento adecuado y la vida m\u00e1xima de cada pieza, la temperatura no deber\u00eda ser ni inferior ni superior a un cierto grado. Incluso unos pocos grados por encima del rango &hellip; <a href=\"https:\/\/cieloeste.es\/es\/producciones\/cielo-sol\/aplicaciones\/enfriamiento-del-servidor-y-salas-de-soporte\/\" class=\"more-link\">Continue reading <span class=\"screen-reader-text\">Enfriamiento del servidor y salas de soporte<\/span><\/a><\/p>\n","protected":false},"author":1,"featured_media":0,"parent":5082,"menu_order":0,"comment_status":"closed","ping_status":"closed","template":"","meta":[],"_links":{"self":[{"href":"https:\/\/cieloeste.es\/es\/wp-json\/wp\/v2\/pages\/5163"}],"collection":[{"href":"https:\/\/cieloeste.es\/es\/wp-json\/wp\/v2\/pages"}],"about":[{"href":"https:\/\/cieloeste.es\/es\/wp-json\/wp\/v2\/types\/page"}],"author":[{"embeddable":true,"href":"https:\/\/cieloeste.es\/es\/wp-json\/wp\/v2\/users\/1"}],"replies":[{"embeddable":true,"href":"https:\/\/cieloeste.es\/es\/wp-json\/wp\/v2\/comments?post=5163"}],"version-history":[{"count":4,"href":"https:\/\/cieloeste.es\/es\/wp-json\/wp\/v2\/pages\/5163\/revisions"}],"predecessor-version":[{"id":5167,"href":"https:\/\/cieloeste.es\/es\/wp-json\/wp\/v2\/pages\/5163\/revisions\/5167"}],"up":[{"embeddable":true,"href":"https:\/\/cieloeste.es\/es\/wp-json\/wp\/v2\/pages\/5082"}],"wp:attachment":[{"href":"https:\/\/cieloeste.es\/es\/wp-json\/wp\/v2\/media?parent=5163"}],"curies":[{"name":"wp","href":"https:\/\/api.w.org\/{rel}","templated":true}]}}