{"id":5158,"date":"2021-11-02T11:48:14","date_gmt":"2021-11-02T11:48:14","guid":{"rendered":"https:\/\/cieloeste.ir\/?page_id=5158"},"modified":"2021-11-02T11:56:26","modified_gmt":"2021-11-02T11:56:26","slug":"la-chaqueta-refrigerante","status":"publish","type":"page","link":"https:\/\/cieloeste.es\/es\/producciones\/cielo-sol\/aplicaciones\/la-chaqueta-refrigerante\/","title":{"rendered":"La chaqueta refrigerante"},"content":{"rendered":"<p>[vc_row][vc_column][vc_column_text]<\/p>\n<p style=\"text-align: justify;\">Las altas temperaturas durante el verano pueden causar muchos problemas, incluyendo los golpes de calor; tambi\u00e9n, el calor del verano causa s\u00edntomas graves a personas con esclerosis m\u00faltiple y no existe medicaci\u00f3n para estos s\u00edntomas.<\/p>\n<table style=\"border-collapse: collapse; width: 100%;\">\n<tbody>\n<tr>\n<td style=\"width: 50%; text-align: center;\"><a href=\"https:\/\/cieloeste.ir\/wp-content\/uploads\/2021\/10\/PARATAGO-Summer-Fan-Cooling-Vest-Men-Women-Air-Conditioning-Cool-Coat-Outdoor-Sun-Protection-Jacket-USB.webp\"><img loading=\"lazy\" class=\"aligncenter wp-image-4565\" src=\"https:\/\/cieloeste.ir\/wp-content\/uploads\/2021\/10\/PARATAGO-Summer-Fan-Cooling-Vest-Men-Women-Air-Conditioning-Cool-Coat-Outdoor-Sun-Protection-Jacket-USB.webp\" alt=\"\" width=\"515\" height=\"521\" srcset=\"https:\/\/cieloeste.es\/wp-content\/uploads\/2021\/10\/PARATAGO-Summer-Fan-Cooling-Vest-Men-Women-Air-Conditioning-Cool-Coat-Outdoor-Sun-Protection-Jacket-USB.webp 750w, https:\/\/cieloeste.es\/wp-content\/uploads\/2021\/10\/PARATAGO-Summer-Fan-Cooling-Vest-Men-Women-Air-Conditioning-Cool-Coat-Outdoor-Sun-Protection-Jacket-USB-296x300.webp 296w\" sizes=\"(max-width: 515px) 100vw, 515px\" \/><\/a><\/td>\n<td style=\"width: 50%; text-align: center;\"><img loading=\"lazy\" class=\"aligncenter wp-image-4566\" src=\"https:\/\/cieloeste.ir\/wp-content\/uploads\/2021\/10\/The-cooling-jacket-1.jpg\" alt=\"\" width=\"289\" height=\"521\" srcset=\"https:\/\/cieloeste.es\/wp-content\/uploads\/2021\/10\/The-cooling-jacket-1.jpg 300w, https:\/\/cieloeste.es\/wp-content\/uploads\/2021\/10\/The-cooling-jacket-1-166x300.jpg 166w\" sizes=\"(max-width: 289px) 100vw, 289px\" \/><\/td>\n<\/tr>\n<\/tbody>\n<\/table>\n<p style=\"text-align: justify;\">Una chaqueta refrigerante rellena de PCMs puede utilizarse para resolver este tipo de problemas, de tal forma que cuando la temperatura del cuerpo aumenta, los PCMs absorben el calor y cambian de fase a l\u00edquido permitiendo a la gente disfrutar de una sensaci\u00f3n fresca durante el verano.<\/p>\n<p style=\"text-align: justify;\">Otro uso de estas chaquetas es para los bomberos que trabajan en entornos con temperaturas muy altas, mejorando considerablemente su trabajo.<\/p>\n<p>[\/vc_column_text][\/vc_column][\/vc_row]<\/p>\n","protected":false},"excerpt":{"rendered":"<p>[vc_row][vc_column][vc_column_text] Las altas temperaturas durante el verano pueden causar muchos problemas, incluyendo los golpes de calor; tambi\u00e9n, el calor del verano causa s\u00edntomas graves a personas con esclerosis m\u00faltiple y no existe medicaci\u00f3n para estos s\u00edntomas. Una chaqueta refrigerante rellena de PCMs puede utilizarse para resolver este tipo de problemas, de tal forma que cuando &hellip; <a href=\"https:\/\/cieloeste.es\/es\/producciones\/cielo-sol\/aplicaciones\/la-chaqueta-refrigerante\/\" class=\"more-link\">Continue reading <span class=\"screen-reader-text\">La chaqueta refrigerante<\/span><\/a><\/p>\n","protected":false},"author":1,"featured_media":0,"parent":5082,"menu_order":0,"comment_status":"closed","ping_status":"closed","template":"","meta":[],"_links":{"self":[{"href":"https:\/\/cieloeste.es\/es\/wp-json\/wp\/v2\/pages\/5158"}],"collection":[{"href":"https:\/\/cieloeste.es\/es\/wp-json\/wp\/v2\/pages"}],"about":[{"href":"https:\/\/cieloeste.es\/es\/wp-json\/wp\/v2\/types\/page"}],"author":[{"embeddable":true,"href":"https:\/\/cieloeste.es\/es\/wp-json\/wp\/v2\/users\/1"}],"replies":[{"embeddable":true,"href":"https:\/\/cieloeste.es\/es\/wp-json\/wp\/v2\/comments?post=5158"}],"version-history":[{"count":3,"href":"https:\/\/cieloeste.es\/es\/wp-json\/wp\/v2\/pages\/5158\/revisions"}],"predecessor-version":[{"id":5162,"href":"https:\/\/cieloeste.es\/es\/wp-json\/wp\/v2\/pages\/5158\/revisions\/5162"}],"up":[{"embeddable":true,"href":"https:\/\/cieloeste.es\/es\/wp-json\/wp\/v2\/pages\/5082"}],"wp:attachment":[{"href":"https:\/\/cieloeste.es\/es\/wp-json\/wp\/v2\/media?parent=5158"}],"curies":[{"name":"wp","href":"https:\/\/api.w.org\/{rel}","templated":true}]}}