{"id":5154,"date":"2021-11-02T11:44:34","date_gmt":"2021-11-02T11:44:34","guid":{"rendered":"https:\/\/cieloeste.ir\/?page_id=5154"},"modified":"2021-11-02T11:45:15","modified_gmt":"2021-11-02T11:45:15","slug":"refrigeracion-de-baterias","status":"publish","type":"page","link":"https:\/\/cieloeste.es\/es\/producciones\/cielo-sol\/aplicaciones\/refrigeracion-de-baterias\/","title":{"rendered":"Refrigeraci\u00f3n de bater\u00edas"},"content":{"rendered":"<p>[vc_row][vc_column][vc_column_text]<\/p>\n<p style=\"text-align: justify;\">Las bater\u00edas producen mucho calor mientras se cargan y descargan; el calor es incluso mayor si hay bater\u00edas que est\u00e9n juntas. Una de las razones del deterioro de las bater\u00edas y su poca duraci\u00f3n son las altas temperaturas que alcanzan. Incluso se recomienda meter las bater\u00edas en la nevera debido a estos sobrecalentamientos; sin embargo esto podr\u00eda da\u00f1arlas, a causa de la congelaci\u00f3n. Los PCMs son la mejor soluci\u00f3n a estos problemas ya que absorben el calor de la bater\u00eda y la refrescan, pasando de estado s\u00f3lido a l\u00edquido (cambio de fase).<\/p>\n<p><img loading=\"lazy\" class=\"aligncenter size-full wp-image-5145\" src=\"https:\/\/cieloeste.ir\/wp-content\/uploads\/2021\/11\/Battery-Cooling.jpg\" alt=\"\" width=\"400\" height=\"181\" srcset=\"https:\/\/cieloeste.es\/wp-content\/uploads\/2021\/11\/Battery-Cooling.jpg 400w, https:\/\/cieloeste.es\/wp-content\/uploads\/2021\/11\/Battery-Cooling-300x136.jpg 300w\" sizes=\"(max-width: 400px) 100vw, 400px\" \/>[\/vc_column_text][\/vc_column][\/vc_row]<\/p>\n","protected":false},"excerpt":{"rendered":"<p>[vc_row][vc_column][vc_column_text] Las bater\u00edas producen mucho calor mientras se cargan y descargan; el calor es incluso mayor si hay bater\u00edas que est\u00e9n juntas. Una de las razones del deterioro de las bater\u00edas y su poca duraci\u00f3n son las altas temperaturas que alcanzan. Incluso se recomienda meter las bater\u00edas en la nevera debido a estos sobrecalentamientos; sin &hellip; <a href=\"https:\/\/cieloeste.es\/es\/producciones\/cielo-sol\/aplicaciones\/refrigeracion-de-baterias\/\" class=\"more-link\">Continue reading <span class=\"screen-reader-text\">Refrigeraci\u00f3n de bater\u00edas<\/span><\/a><\/p>\n","protected":false},"author":1,"featured_media":0,"parent":5082,"menu_order":0,"comment_status":"closed","ping_status":"closed","template":"","meta":[],"_links":{"self":[{"href":"https:\/\/cieloeste.es\/es\/wp-json\/wp\/v2\/pages\/5154"}],"collection":[{"href":"https:\/\/cieloeste.es\/es\/wp-json\/wp\/v2\/pages"}],"about":[{"href":"https:\/\/cieloeste.es\/es\/wp-json\/wp\/v2\/types\/page"}],"author":[{"embeddable":true,"href":"https:\/\/cieloeste.es\/es\/wp-json\/wp\/v2\/users\/1"}],"replies":[{"embeddable":true,"href":"https:\/\/cieloeste.es\/es\/wp-json\/wp\/v2\/comments?post=5154"}],"version-history":[{"count":3,"href":"https:\/\/cieloeste.es\/es\/wp-json\/wp\/v2\/pages\/5154\/revisions"}],"predecessor-version":[{"id":5157,"href":"https:\/\/cieloeste.es\/es\/wp-json\/wp\/v2\/pages\/5154\/revisions\/5157"}],"up":[{"embeddable":true,"href":"https:\/\/cieloeste.es\/es\/wp-json\/wp\/v2\/pages\/5082"}],"wp:attachment":[{"href":"https:\/\/cieloeste.es\/es\/wp-json\/wp\/v2\/media?parent=5154"}],"curies":[{"name":"wp","href":"https:\/\/api.w.org\/{rel}","templated":true}]}}