{"id":5149,"date":"2021-11-02T11:43:37","date_gmt":"2021-11-02T11:43:37","guid":{"rendered":"https:\/\/cieloeste.ir\/?page_id=5149"},"modified":"2021-11-02T11:44:05","modified_gmt":"2021-11-02T11:44:05","slug":"ropa-para-astronautas","status":"publish","type":"page","link":"https:\/\/cieloeste.es\/es\/producciones\/cielo-sol\/aplicaciones\/ropa-para-astronautas\/","title":{"rendered":"Ropa para astronautas"},"content":{"rendered":"<p>[vc_row][vc_column][vc_column_text]<\/p>\n<p style=\"text-align: justify;\">Uno de los usos m\u00e1s importantes de los PCMs es en la fabricaci\u00f3n de guantes y ropa para astronautas que les ayude a protegerse de temperaturas de fr\u00edo extremo. Estos materiales funcionan cambiando de fase de l\u00edquido a s\u00f3lido. El calor almacenado es transferido al cuerpo del astronauta y la temperatura del cuerpo se estabiliza y mantiene en un rango ideal.<\/p>\n<p style=\"text-align: justify;\"><img loading=\"lazy\" class=\"wp-image-5140 aligncenter\" src=\"https:\/\/cieloeste.ir\/wp-content\/uploads\/2021\/11\/astronot-kiyafetleri.jpg\" alt=\"\" width=\"785\" height=\"561\" srcset=\"https:\/\/cieloeste.es\/wp-content\/uploads\/2021\/11\/astronot-kiyafetleri.jpg 924w, https:\/\/cieloeste.es\/wp-content\/uploads\/2021\/11\/astronot-kiyafetleri-300x214.jpg 300w, https:\/\/cieloeste.es\/wp-content\/uploads\/2021\/11\/astronot-kiyafetleri-768x549.jpg 768w\" sizes=\"(max-width: 785px) 100vw, 785px\" \/><\/p>\n<p>[\/vc_column_text][\/vc_column][\/vc_row]<\/p>\n","protected":false},"excerpt":{"rendered":"<p>[vc_row][vc_column][vc_column_text] Uno de los usos m\u00e1s importantes de los PCMs es en la fabricaci\u00f3n de guantes y ropa para astronautas que les ayude a protegerse de temperaturas de fr\u00edo extremo. Estos materiales funcionan cambiando de fase de l\u00edquido a s\u00f3lido. El calor almacenado es transferido al cuerpo del astronauta y la temperatura del cuerpo se &hellip; <a href=\"https:\/\/cieloeste.es\/es\/producciones\/cielo-sol\/aplicaciones\/ropa-para-astronautas\/\" class=\"more-link\">Continue reading <span class=\"screen-reader-text\">Ropa para astronautas<\/span><\/a><\/p>\n","protected":false},"author":1,"featured_media":0,"parent":5082,"menu_order":0,"comment_status":"closed","ping_status":"closed","template":"","meta":[],"_links":{"self":[{"href":"https:\/\/cieloeste.es\/es\/wp-json\/wp\/v2\/pages\/5149"}],"collection":[{"href":"https:\/\/cieloeste.es\/es\/wp-json\/wp\/v2\/pages"}],"about":[{"href":"https:\/\/cieloeste.es\/es\/wp-json\/wp\/v2\/types\/page"}],"author":[{"embeddable":true,"href":"https:\/\/cieloeste.es\/es\/wp-json\/wp\/v2\/users\/1"}],"replies":[{"embeddable":true,"href":"https:\/\/cieloeste.es\/es\/wp-json\/wp\/v2\/comments?post=5149"}],"version-history":[{"count":4,"href":"https:\/\/cieloeste.es\/es\/wp-json\/wp\/v2\/pages\/5149\/revisions"}],"predecessor-version":[{"id":5153,"href":"https:\/\/cieloeste.es\/es\/wp-json\/wp\/v2\/pages\/5149\/revisions\/5153"}],"up":[{"embeddable":true,"href":"https:\/\/cieloeste.es\/es\/wp-json\/wp\/v2\/pages\/5082"}],"wp:attachment":[{"href":"https:\/\/cieloeste.es\/es\/wp-json\/wp\/v2\/media?parent=5149"}],"curies":[{"name":"wp","href":"https:\/\/api.w.org\/{rel}","templated":true}]}}