{"id":5082,"date":"2021-11-02T07:25:35","date_gmt":"2021-11-02T07:25:35","guid":{"rendered":"https:\/\/cieloeste.ir\/?page_id=5082"},"modified":"2021-11-02T11:47:45","modified_gmt":"2021-11-02T11:47:45","slug":"aplicaciones","status":"publish","type":"page","link":"https:\/\/cieloeste.es\/es\/producciones\/cielo-sol\/aplicaciones\/","title":{"rendered":"Aplicaciones"},"content":{"rendered":"<p>[vc_row][vc_column][vc_column_text]<\/p>\n<ul style=\"list-style-type: square;\">\n<li>Provisi\u00f3n de calefacci\u00f3n y ventilaci\u00f3n en edificios<\/li>\n<li>Protecci\u00f3n contra el fuego<\/li>\n<li>Almacenamiento de energ\u00eda solar recogida en edificios<\/li>\n<li>Calentar las manos en invierno<\/li>\n<li>Ropa deportiva<\/li>\n<li>Equipamiento para dormir<\/li>\n<li>Muros Trombe<\/li>\n<li>Aislamiento transparente en ventanas de edificios<\/li>\n<li>Calentadores solares de agua<\/li>\n<li>Transporte y mantenimiento de comida caliente y fr\u00eda<\/li>\n<li>Cubierta de los asientos y revestimiento interior del techo de los coches<\/li>\n<li>Sat\u00e9lites<\/li>\n<li>Invernaderos<\/li>\n<li>La chaqueta refrigerante<\/li>\n<li>Enfriamiento del servidor y salas de soporte<\/li>\n<li>Estabilizaci\u00f3n de temperaturas en el transporte de sangre y productos m\u00e9dicos<\/li>\n<li>Reducci\u00f3n del consumo de energ\u00eda en el rendimiento t\u00e9rmico de los tejados verdes<\/li>\n<li>Ropa para astronautas<\/li>\n<li>Cascos de motocicleta<\/li>\n<li>Refrigeraci\u00f3n de bater\u00edas<\/li>\n<li>Calentamiento de comida en el horno<\/li>\n<li>Prevenci\u00f3n de la reducci\u00f3n de eficiencia en los paneles fotovoltaicos<\/li>\n<li>Calentadores el\u00e9ctricos de agua<\/li>\n<\/ul>\n<p>[\/vc_column_text][\/vc_column][\/vc_row]<\/p>\n","protected":false},"excerpt":{"rendered":"<p>[vc_row][vc_column][vc_column_text] Provisi\u00f3n de calefacci\u00f3n y ventilaci\u00f3n en edificios Protecci\u00f3n contra el fuego Almacenamiento de energ\u00eda solar recogida en edificios Calentar las manos en invierno Ropa deportiva Equipamiento para dormir Muros Trombe Aislamiento transparente en ventanas de edificios Calentadores solares de agua Transporte y mantenimiento de comida caliente y fr\u00eda Cubierta de los asientos y revestimiento &hellip; <a href=\"https:\/\/cieloeste.es\/es\/producciones\/cielo-sol\/aplicaciones\/\" class=\"more-link\">Continue reading <span class=\"screen-reader-text\">Aplicaciones<\/span><\/a><\/p>\n","protected":false},"author":1,"featured_media":0,"parent":5072,"menu_order":0,"comment_status":"closed","ping_status":"closed","template":"","meta":[],"_links":{"self":[{"href":"https:\/\/cieloeste.es\/es\/wp-json\/wp\/v2\/pages\/5082"}],"collection":[{"href":"https:\/\/cieloeste.es\/es\/wp-json\/wp\/v2\/pages"}],"about":[{"href":"https:\/\/cieloeste.es\/es\/wp-json\/wp\/v2\/types\/page"}],"author":[{"embeddable":true,"href":"https:\/\/cieloeste.es\/es\/wp-json\/wp\/v2\/users\/1"}],"replies":[{"embeddable":true,"href":"https:\/\/cieloeste.es\/es\/wp-json\/wp\/v2\/comments?post=5082"}],"version-history":[{"count":5,"href":"https:\/\/cieloeste.es\/es\/wp-json\/wp\/v2\/pages\/5082\/revisions"}],"predecessor-version":[{"id":5160,"href":"https:\/\/cieloeste.es\/es\/wp-json\/wp\/v2\/pages\/5082\/revisions\/5160"}],"up":[{"embeddable":true,"href":"https:\/\/cieloeste.es\/es\/wp-json\/wp\/v2\/pages\/5072"}],"wp:attachment":[{"href":"https:\/\/cieloeste.es\/es\/wp-json\/wp\/v2\/media?parent=5082"}],"curies":[{"name":"wp","href":"https:\/\/api.w.org\/{rel}","templated":true}]}}