{"id":5072,"date":"2021-11-01T12:52:45","date_gmt":"2021-11-01T12:52:45","guid":{"rendered":"https:\/\/cieloeste.ir\/?page_id=5072"},"modified":"2021-11-27T08:28:08","modified_gmt":"2021-11-27T08:28:08","slug":"cielo-sol","status":"publish","type":"page","link":"https:\/\/cieloeste.es\/es\/producciones\/cielo-sol\/","title":{"rendered":"Cielo Sol"},"content":{"rendered":"<p>[vc_row tm_bgimagefixed=\u00bb\u00bb][vc_column][vc_custom_heading text=\u00bbSobre Cielo Sol\u00bb google_fonts=\u00bbfont_family:Poppins%3A100%2C100italic%2C200%2C200italic%2C300%2C300italic%2Cregular%2Citalic%2C500%2C500italic%2C600%2C600italic%2C700%2C700italic%2C800%2C800italic%2C900%2C900italic|font_style:600%20bold%20regular%3A600%3Anormal\u00bb][vc_column_text]<\/p>\n<p style=\"text-align: justify;\">Cielo Este es uno de los pioneros desarrollando y fabricando soluciones solares muy eficientes y de alto rendimiento basadas en la tecnolog\u00eda FotoVoltaica de Alta Concentraci\u00f3n (High Concentration PhotoVoltaic o HCPV). Tambi\u00e9n desarrolla y fabrica m\u00f3dulos solares fotovoltaicos de alta calidad. Movilizando y orquestando la combinaci\u00f3n de equipos muy fuertes de R&amp;D de disciplinas de fotovoltaicos, \u00f3pticos, energ\u00eda electr\u00f3nica y mec\u00e1nica, Cielo Este se enorgullece de estar al frente del desarrollo e introducci\u00f3n de nuevos productos solares de energ\u00eda y soluciones que van desde placas HCPV, m\u00f3dulos HCPV, sistemas HCPV residenciales as\u00ed como para negocios y plantas industriales de generaci\u00f3n de energ\u00eda solar. Nuestra celda HCPV est\u00e1 dise\u00f1ada en base a un dise\u00f1o \u00fanico de tres capas el cual permite alcanzar una eficiencia de un 44% para la celda. Bajo la marca de Cielo Sol, la misma tecnolog\u00eda HCPV est\u00e1 tambi\u00e9n siendo desarrollada adicionalmente para producir soluciones combinadas de calor y energ\u00eda (Combined Heat and Power o CHP). Usando una combinaci\u00f3n de productos avanzados y delicadamente ajustados dise\u00f1ados por compa\u00f1\u00edas asociadas junto a algunos productos inteligentemente desarrollados internamente tales como inversores solares, Cielo Sol puede hacerse cargo del dise\u00f1o, construcci\u00f3n, operaci\u00f3n y mantenimiento de sistemas solares conectados a un panel o sin panel, listos para ser usados para clientes finales, basados en los diferentes requisitos regionales y mundiales.<\/p>\n<p>[\/vc_column_text][vc_separator el_width=\u00bb70&#8243;][vc_row_inner][vc_column_inner width=\u00bb1\/4&#8243;][vc_single_image image=\u00bb4311&#8243; img_size=\u00bbfull\u00bb alignment=\u00bbcenter\u00bb onclick=\u00bbcustom_link\u00bb link=\u00bbhttps:\/\/cieloeste.ir\/es\/producciones\/cielo-sol\/cielosol-pcm21-300\/\u00bb]<section class=\"tm-vc_cta3-container\"><div class=\"tm-vc_general tm-vc_cta3 tm-cta3-only tm-vc_cta3-style-flat tm-vc_cta3-shape-square tm-vc_cta3-align-center tm-vc_cta3-color-transparent tm-vc_cta3-icon-size-md tm-vc_cta3-actions-bottom vc_custom_1638001024703 tm-cta3-with-desc\"><div class=\"tm-vc_cta3_content-container\"><div class=\"tm-vc_cta3-content\"><header class=\"tm-vc_cta3-content-header tm-wrap\"><div class=\"tm-vc_cta3-headers tm-wrap-cell\"><h2 style=\"font-size:25px;line-height:35px;color:#fda12b;\" class=\"tm-custom-heading \" ><a href=\"https:\/\/cieloeste.ir\/es\/producciones\/cielo-sol\/cielosol-pcm21-300\/\" title=\"CieloSOL PCM21\/300\">CieloSOL PCM21\/300<\/a><\/h2>\n<\/div><\/header><div class=\"tm-cta3-content-wrapper\">\n<p style=\"text-align: justify;\">Los PCMs son materiales que almacenan el exceso de energ\u00eda a su alrededor. Est\u00e1n basados en el calor latente de la fusi\u00f3n y cristalizaci\u00f3n y en momentos de necesidad, devuelven la energ\u00eda al ambiente. Al hacerlo, fuerzan al ambiente a estar a una temperatura determinada llamada \u00abTemperatura de Cambio de Fase\u00bb. En otras palabras, los materiales resisten las desviaciones de temperatura. La Temperatura de Cambio de Fase de CieloSol PCM21\/300 es de 21 grados cent\u00edgrados.<\/p>\n<p><\/div><\/div><div class=\"tm-vc_cta3-actions\">\n\t\t<div class=\"tm-vc_btn3-container tm-vc_btn3-center\"><a class=\"tm-vc_general tm-vc_btn3 tm-vc_btn3-size-md tm-vc_btn3-shape-square tm-vc_btn3-style-modern tm-vc_btn3-weight-no tm-vc_btn3-block tm-vc_btn3-color-white\" href=\"https:\/\/cieloeste.ir\/es\/producciones\/cielo-sol\/cielosol-pcm21-300\/\" title=\"CieloSOL PCM21\/300\">M\u00e1s Detalles &gt;<\/a><\/div><\/div><\/div><\/div><\/section>[\/vc_column_inner][vc_column_inner width=\u00bb1\/4&#8243;][vc_single_image image=\u00bb4312&#8243; img_size=\u00bbfull\u00bb alignment=\u00bbcenter\u00bb onclick=\u00bbcustom_link\u00bb link=\u00bbhttps:\/\/cieloeste.ir\/es\/producciones\/cielo-sol\/cielosol-pcm24-310\/\u00bb]<section class=\"tm-vc_cta3-container\"><div class=\"tm-vc_general tm-vc_cta3 tm-cta3-only tm-vc_cta3-style-flat tm-vc_cta3-shape-square tm-vc_cta3-align-center tm-vc_cta3-color-transparent tm-vc_cta3-icon-size-md tm-vc_cta3-actions-bottom vc_custom_1638001060105 tm-cta3-with-desc\"><div class=\"tm-vc_cta3_content-container\"><div class=\"tm-vc_cta3-content\"><header class=\"tm-vc_cta3-content-header tm-wrap\"><div class=\"tm-vc_cta3-headers tm-wrap-cell\"><h2 style=\"font-size:25px;line-height:35px;color:#fda12b;\" class=\"tm-custom-heading \" ><a href=\"https:\/\/cieloeste.ir\/es\/producciones\/cielo-sol\/cielosol-pcm24-310\/\" title=\"CieloSOL PCM24\/310\">CieloSOL PCM24\/310<\/a><\/h2>\n<\/div><\/header><div class=\"tm-cta3-content-wrapper\">\n<p style=\"text-align: justify;\">Los PCMs son materiales que almacenan el exceso de energ\u00eda a su alrededor. Est\u00e1n basados en el calor latente de la fusi\u00f3n y cristalizaci\u00f3n y en momentos de necesidad, devuelven la energ\u00eda al ambiente. Al hacerlo, fuerzan al ambiente a estar a una temperatura determinada llamada \u00abTemperatura de Cambio de Fase\u00bb. En otras palabras, los materiales resisten las desviaciones de temperatura. La Temperatura de Cambio de Fase de CieloSol PCM24\/310 es de 24 grados cent\u00edgrados.<\/p>\n<p><\/div><\/div><div class=\"tm-vc_cta3-actions\">\n\t\t<div class=\"tm-vc_btn3-container tm-vc_btn3-center\"><a class=\"tm-vc_general tm-vc_btn3 tm-vc_btn3-size-md tm-vc_btn3-shape-square tm-vc_btn3-style-modern tm-vc_btn3-weight-no tm-vc_btn3-block tm-vc_btn3-color-white\" href=\"https:\/\/cieloeste.ir\/es\/producciones\/cielo-sol\/cielosol-pcm24-310\/\" title=\"CieloSOL PCM24\/310\">M\u00e1s Detalles &gt;<\/a><\/div><\/div><\/div><\/div><\/section>[\/vc_column_inner][vc_column_inner width=\u00bb1\/4&#8243;][vc_single_image image=\u00bb4311&#8243; img_size=\u00bbfull\u00bb alignment=\u00bbcenter\u00bb onclick=\u00bbcustom_link\u00bb link=\u00bbhttps:\/\/cieloeste.ir\/es\/producciones\/cielo-sol\/cielosol-pcm28-315\/\u00bb]<section class=\"tm-vc_cta3-container\"><div class=\"tm-vc_general tm-vc_cta3 tm-cta3-only tm-vc_cta3-style-flat tm-vc_cta3-shape-square tm-vc_cta3-align-center tm-vc_cta3-color-transparent tm-vc_cta3-icon-size-md tm-vc_cta3-actions-bottom vc_custom_1638001094353 tm-cta3-with-desc\"><div class=\"tm-vc_cta3_content-container\"><div class=\"tm-vc_cta3-content\"><header class=\"tm-vc_cta3-content-header tm-wrap\"><div class=\"tm-vc_cta3-headers tm-wrap-cell\"><h2 style=\"font-size:25px;line-height:35px;color:#fda12b;\" class=\"tm-custom-heading \" ><a href=\"https:\/\/cieloeste.ir\/es\/producciones\/cielo-sol\/cielosol-pcm28-315\/\" title=\"CieloSOL PCM24\/310\">CieloSOL PCM28\/315<\/a><\/h2>\n<\/div><\/header><div class=\"tm-cta3-content-wrapper\">\n<p style=\"text-align: justify;\">Los PCMs son materiales que almacenan el exceso de energ\u00eda a su alrededor. Est\u00e1n basados en el calor latente de la fusi\u00f3n y cristalizaci\u00f3n y en momentos de necesidad, devuelven la energ\u00eda al ambiente. Al hacerlo, fuerzan al ambiente a estar a una temperatura determinada llamada \u00abTemperatura de Cambio de Fase\u00bb. En otras palabras, los materiales resisten las desviaciones de temperatura. La Temperatura de Cambio de Fase de CieloSol PCM28\/315 es de 28 grados cent\u00edgrados.<\/p>\n<p><\/div><\/div><div class=\"tm-vc_cta3-actions\">\n\t\t<div class=\"tm-vc_btn3-container tm-vc_btn3-center\"><a class=\"tm-vc_general tm-vc_btn3 tm-vc_btn3-size-md tm-vc_btn3-shape-square tm-vc_btn3-style-modern tm-vc_btn3-weight-no tm-vc_btn3-block tm-vc_btn3-color-white\" href=\"https:\/\/cieloeste.ir\/es\/producciones\/cielo-sol\/cielosol-pcm28-315\/\" title=\"CieloSOL PCM28\/315\">M\u00e1s Detalles &gt;<\/a><\/div><\/div><\/div><\/div><\/section>[\/vc_column_inner][vc_column_inner width=\u00bb1\/4&#8243;][vc_single_image image=\u00bb4313&#8243; img_size=\u00bbfull\u00bb alignment=\u00bbcenter\u00bb onclick=\u00bbcustom_link\u00bb link=\u00bbhttps:\/\/cieloeste.ir\/es\/producciones\/cielo-sol\/cielosol-pcm58-421\/\u00bb]<section class=\"tm-vc_cta3-container\"><div class=\"tm-vc_general tm-vc_cta3 tm-cta3-only tm-vc_cta3-style-flat tm-vc_cta3-shape-square tm-vc_cta3-align-center tm-vc_cta3-color-transparent tm-vc_cta3-icon-size-md tm-vc_cta3-actions-bottom vc_custom_1638001147776 tm-cta3-with-desc\"><div class=\"tm-vc_cta3_content-container\"><div class=\"tm-vc_cta3-content\"><header class=\"tm-vc_cta3-content-header tm-wrap\"><div class=\"tm-vc_cta3-headers tm-wrap-cell\"><h2 style=\"font-size:25px;line-height:35px;color:#fda12b;\" class=\"tm-custom-heading \" ><a href=\"https:\/\/cieloeste.ir\/es\/producciones\/cielo-sol\/cielosol-pcm58-421\/\" title=\"CieloSOL PCM58\/421\">CieloSOL PCM58\/421<\/a><\/h2>\n<\/div><\/header><div class=\"tm-cta3-content-wrapper\">\n<p style=\"text-align: justify;\">Los PCMs son materiales que almacenan el exceso de energ\u00eda a su alrededor. Est\u00e1n basados en el calor latente de la fusi\u00f3n y cristalizaci\u00f3n y en momentos de necesidad, devuelven la energ\u00eda al ambiente. Al hacerlo, fuerzan al ambiente a estar a una temperatura determinada llamada \u00abTemperatura de Cambio de Fase\u00bb. En otras palabras, los materiales resisten las desviaciones de temperatura. La Temperatura de Cambio de Fase de CieloSol PCM58\/421 es de 58 grados cent\u00edgrados.<\/p>\n<p><\/div><\/div><div class=\"tm-vc_cta3-actions\">\n\t\t<div class=\"tm-vc_btn3-container tm-vc_btn3-center\"><a class=\"tm-vc_general tm-vc_btn3 tm-vc_btn3-size-md tm-vc_btn3-shape-square tm-vc_btn3-style-modern tm-vc_btn3-weight-no tm-vc_btn3-block tm-vc_btn3-color-white\" href=\"https:\/\/cieloeste.ir\/es\/producciones\/cielo-sol\/cielosol-pcm58-421\/\" title=\"CieloSOL PCM58\/421\">M\u00e1s Detalles &gt;<\/a><\/div><\/div><\/div><\/div><\/section>[\/vc_column_inner][\/vc_row_inner][vc_separator el_width=\u00bb70&#8243;][vc_custom_heading text=\u00bbMateriales de Cambio de Fase Cielo\u00bb google_fonts=\u00bbfont_family:Poppins%3A100%2C100italic%2C200%2C200italic%2C300%2C300italic%2Cregular%2Citalic%2C500%2C500italic%2C600%2C600italic%2C700%2C700italic%2C800%2C800italic%2C900%2C900italic|font_style:600%20bold%20regular%3A600%3Anormal\u00bb][vc_column_text]<\/p>\n<p style=\"text-align: justify;\">En Cielo Este nos esforzamos por conseguir un mayor desarrollo y asimilaci\u00f3n de tecnolog\u00edas avanzadas para lograr pr\u00e1cticas de consumo de energ\u00eda m\u00e1s inteligentes y sostenibles. Bajo la marca Cielo Sol dise\u00f1amos y producimos PCMs que se funden y solidifican a temperaturas concretas deseadas para su aplicaci\u00f3n, permitiendo ganar, almacenar y liberar energ\u00eda en el proceso termo-f\u00edsico. Un material de cambio de fase (PCM) es una sustancia con un calor de fusi\u00f3n alto el cual, fundi\u00e9ndose y solidific\u00e1ndose a una temperatura concreta, es capaz de almacenar y liberar grandes cantidades de energ\u00eda. El calor es absorbido o liberado cuando el material cambia de s\u00f3lido a l\u00edquido y viceversa; por tanto, los PCMs son clasificados como unidades de almacenamiento de calor latente (latent heat storage units o LHS). Cielo Este est\u00e1 altamente experimentada en el dise\u00f1o y producci\u00f3n de PCMs para ser utilizados para soluciones seguras, fiables y a buen precio proveyendo reservas pasivas de almacenamiento de calor para una amplia y variedad de industrias y aplicaciones, que no para de incrementar. Trabajamos de cerca con nuestros clientes para proporcionarles el PCM adecuado en una forma apropiada y con muchas posibilidades de paquetes de encapsulaci\u00f3n y contenedores tales como micro-encapsulaci\u00f3n, encapsulaci\u00f3n, losa, tubo, bola, bolsa, etc. Desarrollamos y manufacturamos un amplio rango de productos de PCM desde -30 hasta 600\u00b0C. Estos productos son fabricados y proporcionados seg\u00fan pedido. Cielo Este tambi\u00e9n ha desarrollado y patentado unas cuantas y \u00fanicas iniciativas de aplicaciones tales como materiales compuestos PCM super-reforzados para edificaci\u00f3n de exteriores, sistemas de aire acondicionado UPCH, soluciones de refrigeraci\u00f3n de centros de datos, etc. que est\u00e1n siendo presentadas en algunas regiones del mundo en concreto, en sectores industriales relevantes.<\/p>\n<p>[\/vc_column_text][\/vc_column][\/vc_row]<\/p>\n","protected":false},"excerpt":{"rendered":"<p>[vc_row tm_bgimagefixed=\u00bb\u00bb][vc_column][vc_custom_heading text=\u00bbSobre Cielo Sol\u00bb google_fonts=\u00bbfont_family:Poppins%3A100%2C100italic%2C200%2C200italic%2C300%2C300italic%2Cregular%2Citalic%2C500%2C500italic%2C600%2C600italic%2C700%2C700italic%2C800%2C800italic%2C900%2C900italic|font_style:600%20bold%20regular%3A600%3Anormal\u00bb][vc_column_text] Cielo Este es uno de los pioneros desarrollando y fabricando soluciones solares muy eficientes y de alto rendimiento basadas en la tecnolog\u00eda FotoVoltaica de Alta Concentraci\u00f3n (High Concentration PhotoVoltaic o HCPV). Tambi\u00e9n desarrolla y fabrica m\u00f3dulos solares fotovoltaicos de alta calidad. Movilizando y orquestando la combinaci\u00f3n de equipos muy &hellip; <a href=\"https:\/\/cieloeste.es\/es\/producciones\/cielo-sol\/\" class=\"more-link\">Continue reading <span class=\"screen-reader-text\">Cielo Sol<\/span><\/a><\/p>\n","protected":false},"author":1,"featured_media":0,"parent":4885,"menu_order":0,"comment_status":"closed","ping_status":"closed","template":"","meta":[],"_links":{"self":[{"href":"https:\/\/cieloeste.es\/es\/wp-json\/wp\/v2\/pages\/5072"}],"collection":[{"href":"https:\/\/cieloeste.es\/es\/wp-json\/wp\/v2\/pages"}],"about":[{"href":"https:\/\/cieloeste.es\/es\/wp-json\/wp\/v2\/types\/page"}],"author":[{"embeddable":true,"href":"https:\/\/cieloeste.es\/es\/wp-json\/wp\/v2\/users\/1"}],"replies":[{"embeddable":true,"href":"https:\/\/cieloeste.es\/es\/wp-json\/wp\/v2\/comments?post=5072"}],"version-history":[{"count":7,"href":"https:\/\/cieloeste.es\/es\/wp-json\/wp\/v2\/pages\/5072\/revisions"}],"predecessor-version":[{"id":6396,"href":"https:\/\/cieloeste.es\/es\/wp-json\/wp\/v2\/pages\/5072\/revisions\/6396"}],"up":[{"embeddable":true,"href":"https:\/\/cieloeste.es\/es\/wp-json\/wp\/v2\/pages\/4885"}],"wp:attachment":[{"href":"https:\/\/cieloeste.es\/es\/wp-json\/wp\/v2\/media?parent=5072"}],"curies":[{"name":"wp","href":"https:\/\/api.w.org\/{rel}","templated":true}]}}