{"id":4967,"date":"2021-10-31T08:36:03","date_gmt":"2021-10-31T08:36:03","guid":{"rendered":"https:\/\/cieloeste.ir\/?page_id=4967"},"modified":"2021-11-27T08:23:58","modified_gmt":"2021-11-27T08:23:58","slug":"cielo-electric","status":"publish","type":"page","link":"https:\/\/cieloeste.es\/es\/producciones\/cielo-electric\/","title":{"rendered":"Cielo Electric"},"content":{"rendered":"<p>[vc_row][vc_column][vc_custom_heading text=\u00bbSobre nosotros\u00bb google_fonts=\u00bbfont_family:Poppins%3A100%2C100italic%2C200%2C200italic%2C300%2C300italic%2Cregular%2Citalic%2C500%2C500italic%2C600%2C600italic%2C700%2C700italic%2C800%2C800italic%2C900%2C900italic|font_style:600%20bold%20regular%3A600%3Anormal\u00bb][vc_column_text]<\/p>\n<p style=\"text-align: justify;\">Producimos un diverso portfolio de dispositivos de control, protecci\u00f3n y distribuci\u00f3n el\u00e9ctrica bajo la marca Cielo Electric. Desarrollamos y fabricamos una amplia selecci\u00f3n de dispositivos de protecci\u00f3n de circuitos, interruptores de corriente y contactos para adaptarse a muchas aplicaciones diferentes. Estas se caracterizan por niveles muy altos de rendimiento con dimensiones limitadas, instalaci\u00f3n simple y una garant\u00eda cada vez mayor de seguridad. Nuestros MCB (Interruptores de corriente en miniatura), MCCB (interruptores de corriente de caja moldeada), SPD (dispositivos protectores de picos de tensi\u00f3n), etc.<\/p>\n<p>[\/vc_column_text][vc_separator el_width=\u00bb70&#8243;][\/vc_column][\/vc_row][vc_row][vc_column width=\u00bb1\/3&#8243;][vc_single_image image=\u00bb4215&#8243; img_size=\u00bbfull\u00bb alignment=\u00bbcenter\u00bb onclick=\u00bbcustom_link\u00bb link=\u00bbhttps:\/\/cieloeste.ir\/es\/producciones\/cielo-electric\/spd\/\u00bb]<section class=\"tm-vc_cta3-container\"><div class=\"tm-vc_general tm-vc_cta3 tm-cta3-only tm-vc_cta3-style-flat tm-vc_cta3-shape-square tm-vc_cta3-align-center tm-vc_cta3-color-transparent tm-vc_cta3-icon-size-md tm-vc_cta3-actions-bottom vc_custom_1638000907189 tm-cta3-with-desc\"><div class=\"tm-vc_cta3_content-container\"><div class=\"tm-vc_cta3-content\"><header class=\"tm-vc_cta3-content-header tm-wrap\"><div class=\"tm-vc_cta3-headers tm-wrap-cell\"><h2 style=\"font-size:25px;line-height:35px;color:#fda12b;\" class=\"tm-custom-heading \" ><a href=\"https:\/\/cieloeste.ir\/es\/producciones\/cielo-electric\/spd\/\" title=\"SPD\">SPD<\/a><\/h2>\n<\/div><\/header><div class=\"tm-cta3-content-wrapper\">\n<p style=\"text-align: justify;\">El Dispositivo Protector de Picos de Tensi\u00f3n (Surge Protection Device o SPD) es un componente del sistema de protecci\u00f3n de la instalaci\u00f3n el\u00e9ctrica. Este dispositivo est\u00e1 conectado en paralelo en el circuito de suministro el\u00e9ctrico de las cargas que tiene que proteger. Tambi\u00e9n puede ser utilizado a todos los niveles de la red de suministro el\u00e9ctrico. El SPD est\u00e1 dise\u00f1ado para limitar sobrecargas transitorias de origen atmosf\u00e9rico y desviar las ondas de corriente a la tierra, para limitar la amplitud de estas sobrecargas a un valor que no sea peligroso para la instalaci\u00f3n el\u00e9ctrica y panel de conmutaci\u00f3n y distribuci\u00f3n.<\/p>\n<p style=\"text-align: justify;\">Los productos SPD de Cielo Electric incluyen Dispositivos Protectores de Picos de Tensi\u00f3n de 1 polo, 2 polos, 3 polos y 4 polos.<\/p>\n<p><\/div><\/div><div class=\"tm-vc_cta3-actions\">\n\t\t<div class=\"tm-vc_btn3-container tm-vc_btn3-center\"><a class=\"tm-vc_general tm-vc_btn3 tm-vc_btn3-size-md tm-vc_btn3-shape-square tm-vc_btn3-style-modern tm-vc_btn3-weight-no tm-vc_btn3-block tm-vc_btn3-color-white\" href=\"https:\/\/cieloeste.ir\/es\/producciones\/cielo-electric\/spd\/\" title=\"SPD\">M\u00e1s Detalles &gt;<\/a><\/div><\/div><\/div><\/div><\/section>[\/vc_column][vc_column width=\u00bb1\/3&#8243;][vc_single_image image=\u00bb4216&#8243; img_size=\u00bbfull\u00bb alignment=\u00bbcenter\u00bb onclick=\u00bbcustom_link\u00bb link=\u00bbhttps:\/\/cieloeste.ir\/es\/producciones\/cielo-electric\/mcb\/\u00bb]<section class=\"tm-vc_cta3-container\"><div class=\"tm-vc_general tm-vc_cta3 tm-cta3-only tm-vc_cta3-style-flat tm-vc_cta3-shape-square tm-vc_cta3-align-center tm-vc_cta3-color-transparent tm-vc_cta3-icon-size-md tm-vc_cta3-actions-bottom vc_custom_1638000899561 tm-cta3-with-desc\"><div class=\"tm-vc_cta3_content-container\"><div class=\"tm-vc_cta3-content\"><header class=\"tm-vc_cta3-content-header tm-wrap\"><div class=\"tm-vc_cta3-headers tm-wrap-cell\"><h2 style=\"font-size:25px;line-height:35px;color:#fda12b;\" class=\"tm-custom-heading \" ><a href=\"https:\/\/cieloeste.ir\/es\/producciones\/cielo-electric\/mcb\/\" title=\"MCB\">MCB<\/a><\/h2>\n<\/div><\/header><div class=\"tm-cta3-content-wrapper\">\n<p style=\"text-align: justify;\">El disyuntor de circuito es un interruptor el\u00e9ctrico de accionamiento autom\u00e1tico dise\u00f1ado para proteger un circuito el\u00e9ctrico de los da\u00f1os causados por una sobrecarga o un cortocircuito. Su funci\u00f3n b\u00e1sica es la detecci\u00f3n de una condici\u00f3n de fallo e interrumpir el flujo de corriente. A diferencia de un fusible, que opera una vez y luego debe ser sustituido, un disyuntor de circuito se puede restablecer (manual o autom\u00e1ticamente) para reanudar el funcionamiento normal. Los interruptores se fabrican en diferentes tama\u00f1os.<\/p>\n<p style=\"text-align: justify;\">La familia Cielo Electric de los productos Disyuntores de Circuito en Miniatura (MCB) tiene dos tipos de CA y CC. El tipo de CA incluye cuatro series de CM11, CM12, CM13 y CM14. Los productos MCB CC tambi\u00e9n est\u00e1n presentados en cuatro series de CM21, CM22, CM23 y CM24.<\/p>\n<p><\/div><\/div><div class=\"tm-vc_cta3-actions\">\n\t\t<div class=\"tm-vc_btn3-container tm-vc_btn3-center\"><a class=\"tm-vc_general tm-vc_btn3 tm-vc_btn3-size-md tm-vc_btn3-shape-square tm-vc_btn3-style-modern tm-vc_btn3-weight-no tm-vc_btn3-block tm-vc_btn3-color-white\" href=\"https:\/\/cieloeste.ir\/es\/producciones\/cielo-electric\/mcb\/\" title=\"MCB\">M\u00e1s Detalles &gt;<\/a><\/div><\/div><\/div><\/div><\/section>[\/vc_column][vc_column width=\u00bb1\/3&#8243;][vc_single_image image=\u00bb4217&#8243; img_size=\u00bbfull\u00bb alignment=\u00bbcenter\u00bb onclick=\u00bbcustom_link\u00bb link=\u00bbhttps:\/\/cieloeste.ir\/es\/producciones\/cielo-electric\/mccb\/\u00bb]<section class=\"tm-vc_cta3-container\"><div class=\"tm-vc_general tm-vc_cta3 tm-cta3-only tm-vc_cta3-style-flat tm-vc_cta3-shape-square tm-vc_cta3-align-center tm-vc_cta3-color-transparent tm-vc_cta3-icon-size-md tm-vc_cta3-actions-bottom vc_custom_1638000892850 tm-cta3-with-desc\"><div class=\"tm-vc_cta3_content-container\"><div class=\"tm-vc_cta3-content\"><header class=\"tm-vc_cta3-content-header tm-wrap\"><div class=\"tm-vc_cta3-headers tm-wrap-cell\"><h2 style=\"font-size:25px;line-height:35px;color:#fda12b;\" class=\"tm-custom-heading \" ><a href=\"https:\/\/cieloeste.ir\/es\/producciones\/cielo-electric\/mccb\/\" title=\"MCCB\">MCCB<\/a><\/h2>\n<\/div><\/header><div class=\"tm-cta3-content-wrapper\">\n<p style=\"text-align: justify;\">El disyuntor de circuito es un interruptor el\u00e9ctrico de accionamiento autom\u00e1tico dise\u00f1ado para proteger un circuito el\u00e9ctrico de los da\u00f1os causados por una sobrecarga o un cortocircuito. Su funci\u00f3n b\u00e1sica es la detecci\u00f3n de una condici\u00f3n de fallo e interrumpir el flujo de corriente. A diferencia de un fusible, que opera una vez y luego debe ser sustituido, un disyuntor de circuito se puede restablecer (manual o autom\u00e1ticamente) para reanudar el funcionamiento normal. Los interruptores se fabrican en diferentes tama\u00f1os.<\/p>\n<p style=\"text-align: justify;\">La familia Cielo Electric de productos Disyuntores de Circuto con Carcasa Moldeada (MCCB) tiene 6 tipos de CMC-100, CMC-225, CMC-400, CMC-630, CMC-1000 y CMC-1600 que var\u00edan desde 16A a 1600A y son adecuados para sistemas CA y CC. La capacidad de conmutaci\u00f3n es de hasta 55kA.<\/p>\n<p><\/div><\/div><div class=\"tm-vc_cta3-actions\">\n\t\t<div class=\"tm-vc_btn3-container tm-vc_btn3-center\"><a class=\"tm-vc_general tm-vc_btn3 tm-vc_btn3-size-md tm-vc_btn3-shape-square tm-vc_btn3-style-modern tm-vc_btn3-weight-no tm-vc_btn3-block tm-vc_btn3-color-white\" href=\"https:\/\/cieloeste.ir\/es\/producciones\/cielo-electric\/mccb\/\" title=\"MCCB\">M\u00e1s Detalles &gt;<\/a><\/div><\/div><\/div><\/div><\/section>[\/vc_column][\/vc_row]<\/p>\n","protected":false},"excerpt":{"rendered":"<p>[vc_row][vc_column][vc_custom_heading text=\u00bbSobre nosotros\u00bb google_fonts=\u00bbfont_family:Poppins%3A100%2C100italic%2C200%2C200italic%2C300%2C300italic%2Cregular%2Citalic%2C500%2C500italic%2C600%2C600italic%2C700%2C700italic%2C800%2C800italic%2C900%2C900italic|font_style:600%20bold%20regular%3A600%3Anormal\u00bb][vc_column_text] Producimos un diverso portfolio de dispositivos de control, protecci\u00f3n y distribuci\u00f3n el\u00e9ctrica bajo la marca Cielo Electric. Desarrollamos y fabricamos una amplia selecci\u00f3n de dispositivos de protecci\u00f3n de circuitos, interruptores de corriente y contactos para adaptarse a muchas aplicaciones diferentes. Estas se caracterizan por niveles muy altos de rendimiento con dimensiones &hellip; <a href=\"https:\/\/cieloeste.es\/es\/producciones\/cielo-electric\/\" class=\"more-link\">Continue reading <span class=\"screen-reader-text\">Cielo Electric<\/span><\/a><\/p>\n","protected":false},"author":1,"featured_media":0,"parent":4885,"menu_order":0,"comment_status":"closed","ping_status":"closed","template":"","meta":[],"_links":{"self":[{"href":"https:\/\/cieloeste.es\/es\/wp-json\/wp\/v2\/pages\/4967"}],"collection":[{"href":"https:\/\/cieloeste.es\/es\/wp-json\/wp\/v2\/pages"}],"about":[{"href":"https:\/\/cieloeste.es\/es\/wp-json\/wp\/v2\/types\/page"}],"author":[{"embeddable":true,"href":"https:\/\/cieloeste.es\/es\/wp-json\/wp\/v2\/users\/1"}],"replies":[{"embeddable":true,"href":"https:\/\/cieloeste.es\/es\/wp-json\/wp\/v2\/comments?post=4967"}],"version-history":[{"count":7,"href":"https:\/\/cieloeste.es\/es\/wp-json\/wp\/v2\/pages\/4967\/revisions"}],"predecessor-version":[{"id":4974,"href":"https:\/\/cieloeste.es\/es\/wp-json\/wp\/v2\/pages\/4967\/revisions\/4974"}],"up":[{"embeddable":true,"href":"https:\/\/cieloeste.es\/es\/wp-json\/wp\/v2\/pages\/4885"}],"wp:attachment":[{"href":"https:\/\/cieloeste.es\/es\/wp-json\/wp\/v2\/media?parent=4967"}],"curies":[{"name":"wp","href":"https:\/\/api.w.org\/{rel}","templated":true}]}}