{"id":4885,"date":"2021-10-26T06:11:46","date_gmt":"2021-10-26T06:11:46","guid":{"rendered":"https:\/\/cieloeste.ir\/?page_id=4885"},"modified":"2021-11-03T10:02:03","modified_gmt":"2021-11-03T10:02:03","slug":"producciones","status":"publish","type":"page","link":"https:\/\/cieloeste.es\/es\/producciones\/","title":{"rendered":"Producciones"},"content":{"rendered":"<p>[vc_row][vc_column width=\u00bb1\/4&#8243;][vc_single_image image=\u00bb4201&#8243; img_size=\u00bbfull\u00bb onclick=\u00bbcustom_link\u00bb link=\u00bbhttps:\/\/cieloeste.ir\/es\/producciones\/cielo-electric\/\u00bb]<section class=\"tm-vc_cta3-container\"><div class=\"tm-vc_general tm-vc_cta3 tm-cta3-only tm-vc_cta3-style-flat tm-vc_cta3-shape-square tm-vc_cta3-align-center tm-vc_cta3-color-transparent tm-vc_cta3-icon-size-md tm-vc_cta3-actions-bottom vc_custom_1635933104168 tm-cta3-with-desc\"><div class=\"tm-vc_cta3_content-container\"><div class=\"tm-vc_cta3-content\"><header class=\"tm-vc_cta3-content-header tm-wrap\"><div class=\"tm-vc_cta3-headers tm-wrap-cell\"><h2 style=\"font-size:25px;line-height:35px;color:#fda12b;\" class=\"tm-custom-heading \" ><a href=\"https:\/\/cieloeste.ir\/es\/producciones\/cielo-electric\/\">CIELO ELECTRIC<\/a><\/h2>\n<\/div><\/header><div class=\"tm-cta3-content-wrapper\">\n<p style=\"text-align: justify;\">Producimos un diverso portfolio de dispositivos de control, protecci\u00f3n y distribuci\u00f3n el\u00e9ctrica bajo la marca Cielo Electric. Desarrollamos y fabricamos una amplia selecci\u00f3n de dispositivos de protecci\u00f3n de circuitos, interruptores de corriente y contactos para adaptarse a muchas aplicaciones diferentes&#8230;<\/p>\n<p><\/div><\/div><div class=\"tm-vc_cta3-actions\">\n\t\t<div class=\"tm-vc_btn3-container tm-vc_btn3-center\"><a class=\"tm-vc_general tm-vc_btn3 tm-vc_btn3-size-md tm-vc_btn3-shape-square tm-vc_btn3-style-modern tm-vc_btn3-weight-no tm-vc_btn3-block tm-vc_btn3-color-white\" href=\"https:\/\/cieloeste.ir\/es\/producciones\/cielo-electric\/\" title=\"Cielo Electric\">M\u00c1S DETALLES &gt;<\/a><\/div><\/div><\/div><\/div><\/section>[\/vc_column][vc_column width=\u00bb1\/4&#8243;][vc_single_image image=\u00bb4203&#8243; img_size=\u00bbfull\u00bb onclick=\u00bbcustom_link\u00bb link=\u00bbhttps:\/\/cieloeste.ir\/es\/producciones\/cielo-sol\/\u00bb]<section class=\"tm-vc_cta3-container\"><div class=\"tm-vc_general tm-vc_cta3 tm-cta3-only tm-vc_cta3-style-flat tm-vc_cta3-shape-square tm-vc_cta3-align-center tm-vc_cta3-color-transparent tm-vc_cta3-icon-size-md tm-vc_cta3-actions-bottom vc_custom_1635933152487 tm-cta3-with-desc\"><div class=\"tm-vc_cta3_content-container\"><div class=\"tm-vc_cta3-content\"><header class=\"tm-vc_cta3-content-header tm-wrap\"><div class=\"tm-vc_cta3-headers tm-wrap-cell\"><h2 style=\"font-size:25px;line-height:35px;color:#fda12b;\" class=\"tm-custom-heading \" ><a href=\"https:\/\/cieloeste.ir\/es\/producciones\/cielo-sol\/\">CIELO SOL<\/a><\/h2>\n<\/div><\/header><div class=\"tm-cta3-content-wrapper\">\n<p style=\"text-align: justify;\">En Cielo Este nos esforzamos por conseguir un mayor desarrollo y asimilaci\u00f3n de tecnolog\u00edas avanzadas para lograr pr\u00e1cticas de consumo de energ\u00eda m\u00e1s inteligentes y sostenibles. Bajo la marca Cielo Sol dise\u00f1amos y producimos PCMs que se funden y solidifican a temperaturas&#8230;<\/p>\n<p><\/div><\/div><div class=\"tm-vc_cta3-actions\">\n\t\t<div class=\"tm-vc_btn3-container tm-vc_btn3-center\"><a class=\"tm-vc_general tm-vc_btn3 tm-vc_btn3-size-md tm-vc_btn3-shape-square tm-vc_btn3-style-modern tm-vc_btn3-weight-no tm-vc_btn3-block tm-vc_btn3-color-white\" href=\"https:\/\/cieloeste.ir\/es\/producciones\/cielo-sol\/\" title=\"Cielo Sol\">M\u00c1S DETALLES &gt;<\/a><\/div><\/div><\/div><\/div><\/section>[\/vc_column][vc_column width=\u00bb1\/4&#8243;][vc_single_image image=\u00bb4204&#8243; img_size=\u00bbfull\u00bb]<section class=\"tm-vc_cta3-container\"><div class=\"tm-vc_general tm-vc_cta3 tm-cta3-only tm-vc_cta3-style-flat tm-vc_cta3-shape-square tm-vc_cta3-align-center tm-vc_cta3-color-transparent tm-vc_cta3-icon-size-md vc_custom_1635933191356 tm-cta3-with-desc\"><div class=\"tm-vc_cta3_content-container\"><div class=\"tm-vc_cta3-content\"><header class=\"tm-vc_cta3-content-header tm-wrap\"><div class=\"tm-vc_cta3-headers tm-wrap-cell\"><h2 style=\"font-size:25px;line-height:35px;color:#fda12b;\" class=\"tm-custom-heading \" >CIELO UPS<\/h2>\n<\/div><\/header><div class=\"tm-cta3-content-wrapper\">\n<p style=\"text-align: justify;\">Con un rango completo de soluciones energ\u00e9ticas para asegurar una \u00f3ptima operaci\u00f3n UPS, Cielo Este es l\u00edder en tecnolog\u00eda y proveedor de productos en la industria de la electricidad energ\u00e9tica. Fabricamos UPS de fase \u00fanica o triple fase desde 1000 VA a 4.5 MVA, rectificadores&#8230;<\/p>\n<p><\/div><\/div><\/div><\/div><\/section>[\/vc_column][vc_column width=\u00bb1\/4&#8243;][vc_single_image image=\u00bb4205&#8243; img_size=\u00bbfull\u00bb]<section class=\"tm-vc_cta3-container\"><div class=\"tm-vc_general tm-vc_cta3 tm-cta3-only tm-vc_cta3-style-flat tm-vc_cta3-shape-square tm-vc_cta3-align-center tm-vc_cta3-color-transparent tm-vc_cta3-icon-size-md vc_custom_1635933202360 tm-cta3-with-desc\"><div class=\"tm-vc_cta3_content-container\"><div class=\"tm-vc_cta3-content\"><header class=\"tm-vc_cta3-content-header tm-wrap\"><div class=\"tm-vc_cta3-headers tm-wrap-cell\"><h2 style=\"font-size:25px;line-height:35px;color:#fda12b;\" class=\"tm-custom-heading \" >CIELO CELL<\/h2>\n<\/div><\/header><div class=\"tm-cta3-content-wrapper\">\n<p style=\"text-align: justify;\">Producimos una cartera diversa de dispositivos el\u00e9ctricos de control, protecci\u00f3n y distribuci\u00f3n bajo la marca Cielo Electric &#8230;<\/p>\n<p><\/div><\/div><\/div><\/div><\/section>[\/vc_column][\/vc_row]<\/p>\n","protected":false},"excerpt":{"rendered":"<p>[vc_row][vc_column width=\u00bb1\/4&#8243;][vc_single_image image=\u00bb4201&#8243; img_size=\u00bbfull\u00bb onclick=\u00bbcustom_link\u00bb link=\u00bbhttps:\/\/cieloeste.ir\/es\/producciones\/cielo-electric\/\u00bb][\/vc_column][vc_column width=\u00bb1\/4&#8243;][vc_single_image image=\u00bb4203&#8243; img_size=\u00bbfull\u00bb onclick=\u00bbcustom_link\u00bb link=\u00bbhttps:\/\/cieloeste.ir\/es\/producciones\/cielo-sol\/\u00bb][\/vc_column][vc_column width=\u00bb1\/4&#8243;][vc_single_image image=\u00bb4204&#8243; img_size=\u00bbfull\u00bb][\/vc_column][vc_column width=\u00bb1\/4&#8243;][vc_single_image image=\u00bb4205&#8243; img_size=\u00bbfull\u00bb][\/vc_column][\/vc_row]<\/p>\n","protected":false},"author":1,"featured_media":0,"parent":0,"menu_order":0,"comment_status":"closed","ping_status":"closed","template":"","meta":[],"_links":{"self":[{"href":"https:\/\/cieloeste.es\/es\/wp-json\/wp\/v2\/pages\/4885"}],"collection":[{"href":"https:\/\/cieloeste.es\/es\/wp-json\/wp\/v2\/pages"}],"about":[{"href":"https:\/\/cieloeste.es\/es\/wp-json\/wp\/v2\/types\/page"}],"author":[{"embeddable":true,"href":"https:\/\/cieloeste.es\/es\/wp-json\/wp\/v2\/users\/1"}],"replies":[{"embeddable":true,"href":"https:\/\/cieloeste.es\/es\/wp-json\/wp\/v2\/comments?post=4885"}],"version-history":[{"count":10,"href":"https:\/\/cieloeste.es\/es\/wp-json\/wp\/v2\/pages\/4885\/revisions"}],"predecessor-version":[{"id":5319,"href":"https:\/\/cieloeste.es\/es\/wp-json\/wp\/v2\/pages\/4885\/revisions\/5319"}],"wp:attachment":[{"href":"https:\/\/cieloeste.es\/es\/wp-json\/wp\/v2\/media?parent=4885"}],"curies":[{"name":"wp","href":"https:\/\/api.w.org\/{rel}","templated":true}]}}