{"id":4883,"date":"2021-10-26T06:10:13","date_gmt":"2021-10-26T06:10:13","guid":{"rendered":"https:\/\/cieloeste.ir\/?page_id=4883"},"modified":"2021-10-26T06:10:13","modified_gmt":"2021-10-26T06:10:13","slug":"cielo-soluciones-de-energia-solar","status":"publish","type":"page","link":"https:\/\/cieloeste.es\/es\/cielo-soluciones-de-energia-solar\/","title":{"rendered":"Cielo Soluciones de Energ\u00eda Solar"},"content":{"rendered":"<p>[vc_row][vc_column][vc_column_text]<\/p>\n<p style=\"text-align: justify;\">Cielo Este es uno de los pioneros desarrollando y fabricando soluciones solares muy eficientes y de alto rendimiento basadas en la tecnolog\u00eda FotoVoltaica de Alta Concentraci\u00f3n (High Concentration PhotoVoltaic o HCPV). Tambi\u00e9n desarrolla y fabrica m\u00f3dulos solares fotovoltaicos de alta calidad. Movilizando y orquestando la combinaci\u00f3n de equipos muy fuertes de R&amp;D de disciplinas de fotovoltaicos, \u00f3pticos, energ\u00eda electr\u00f3nica y mec\u00e1nica, Cielo Este se enorgullece de estar al frente del desarrollo e introducci\u00f3n de nuevos productos solares de energ\u00eda y soluciones que van desde placas HCPV, m\u00f3dulos HCPV, sistemas HCPV residenciales as\u00ed como para negocios y plantas industriales de generaci\u00f3n de energ\u00eda solar. Nuestra celda HCPV est\u00e1 dise\u00f1ada en base a un dise\u00f1o \u00fanico de tres capas el cual permite alcanzar una eficiencia de un 44% para la celda. Bajo la marca de Cielo Sol, la misma tecnolog\u00eda HCPV est\u00e1 tambi\u00e9n siendo desarrollada adicionalmente para producir soluciones combinadas de calor y energ\u00eda (Combined Heat and Power o CHP). Usando una combinaci\u00f3n de productos avanzados y delicadamente ajustados dise\u00f1ados por compa\u00f1\u00edas asociadas junto a algunos productos inteligentemente desarrollados internamente tales como inversores solares, Cielo Sol puede hacerse cargo del dise\u00f1o, construcci\u00f3n, operaci\u00f3n y mantenimiento de sistemas solares conectados a un panel o sin panel, listos para ser usados para clientes finales, basados en los diferentes requisitos regionales y mundiales.<\/p>\n<p>[\/vc_column_text][\/vc_column][\/vc_row]<\/p>\n","protected":false},"excerpt":{"rendered":"<p>[vc_row][vc_column][vc_column_text] Cielo Este es uno de los pioneros desarrollando y fabricando soluciones solares muy eficientes y de alto rendimiento basadas en la tecnolog\u00eda FotoVoltaica de Alta Concentraci\u00f3n (High Concentration PhotoVoltaic o HCPV). Tambi\u00e9n desarrolla y fabrica m\u00f3dulos solares fotovoltaicos de alta calidad. Movilizando y orquestando la combinaci\u00f3n de equipos muy fuertes de R&amp;D de disciplinas &hellip; <a href=\"https:\/\/cieloeste.es\/es\/cielo-soluciones-de-energia-solar\/\" class=\"more-link\">Continue reading <span class=\"screen-reader-text\">Cielo Soluciones de Energ\u00eda Solar<\/span><\/a><\/p>\n","protected":false},"author":1,"featured_media":0,"parent":0,"menu_order":0,"comment_status":"closed","ping_status":"closed","template":"","meta":[],"_links":{"self":[{"href":"https:\/\/cieloeste.es\/es\/wp-json\/wp\/v2\/pages\/4883"}],"collection":[{"href":"https:\/\/cieloeste.es\/es\/wp-json\/wp\/v2\/pages"}],"about":[{"href":"https:\/\/cieloeste.es\/es\/wp-json\/wp\/v2\/types\/page"}],"author":[{"embeddable":true,"href":"https:\/\/cieloeste.es\/es\/wp-json\/wp\/v2\/users\/1"}],"replies":[{"embeddable":true,"href":"https:\/\/cieloeste.es\/es\/wp-json\/wp\/v2\/comments?post=4883"}],"version-history":[{"count":1,"href":"https:\/\/cieloeste.es\/es\/wp-json\/wp\/v2\/pages\/4883\/revisions"}],"predecessor-version":[{"id":4884,"href":"https:\/\/cieloeste.es\/es\/wp-json\/wp\/v2\/pages\/4883\/revisions\/4884"}],"wp:attachment":[{"href":"https:\/\/cieloeste.es\/es\/wp-json\/wp\/v2\/media?parent=4883"}],"curies":[{"name":"wp","href":"https:\/\/api.w.org\/{rel}","templated":true}]}}