{"id":4881,"date":"2021-10-26T05:58:37","date_gmt":"2021-10-26T05:58:37","guid":{"rendered":"https:\/\/cieloeste.ir\/?page_id=4881"},"modified":"2021-10-26T05:58:37","modified_gmt":"2021-10-26T05:58:37","slug":"electronica-de-potencia-cielo","status":"publish","type":"page","link":"https:\/\/cieloeste.es\/es\/electronica-de-potencia-cielo\/","title":{"rendered":"Electr\u00f3nica de Potencia Cielo"},"content":{"rendered":"<p>[vc_row][vc_column][vc_column_text]<\/p>\n<p style=\"text-align: justify;\">Con un rango completo de soluciones energ\u00e9ticas para asegurar una \u00f3ptima operaci\u00f3n UPS, Cielo Este es l\u00edder en tecnolog\u00eda y proveedor de productos en la industria de la electricidad energ\u00e9tica. Fabricamos UPS de fase \u00fanica o triple fase desde 1000 VA a 4.5 MVA, rectificadores de modo de interruptor, cargadores, inversores solares de panel y fuera de panel, etc. Nuestra amplia gama de productos cubre desde peque\u00f1os dispositivos caseros hasta suministros de energ\u00eda para oficinas, laboratorios, centros m\u00e9dicos, centros de datos, industrias, etc. Al estar al frente de investigaciones e innovaci\u00f3n en el campo, Cielo Este provee soluciones dise\u00f1adas a medida para cada set \u00fanico de requerimientos presentados por diferentes industrias. Desplegando tecnolog\u00edas de \u00faltima generaci\u00f3n, Cielo Este crea productos con la m\u00e1s alta eficiencia, calidad superior y funcionalidad avanzada. Muy dedicados a preservar la energ\u00eda y el medio ambiente, Cielo Este se enorgullece de desarrollar y producir soluciones de energ\u00eda el\u00e9ctrica con rendimientos y eficiencias a la vanguardia de la industria.<\/p>\n<p>[\/vc_column_text][\/vc_column][\/vc_row]<\/p>\n","protected":false},"excerpt":{"rendered":"<p>[vc_row][vc_column][vc_column_text] Con un rango completo de soluciones energ\u00e9ticas para asegurar una \u00f3ptima operaci\u00f3n UPS, Cielo Este es l\u00edder en tecnolog\u00eda y proveedor de productos en la industria de la electricidad energ\u00e9tica. Fabricamos UPS de fase \u00fanica o triple fase desde 1000 VA a 4.5 MVA, rectificadores de modo de interruptor, cargadores, inversores solares de panel &hellip; <a href=\"https:\/\/cieloeste.es\/es\/electronica-de-potencia-cielo\/\" class=\"more-link\">Continue reading <span class=\"screen-reader-text\">Electr\u00f3nica de Potencia Cielo<\/span><\/a><\/p>\n","protected":false},"author":1,"featured_media":0,"parent":0,"menu_order":0,"comment_status":"closed","ping_status":"closed","template":"","meta":[],"_links":{"self":[{"href":"https:\/\/cieloeste.es\/es\/wp-json\/wp\/v2\/pages\/4881"}],"collection":[{"href":"https:\/\/cieloeste.es\/es\/wp-json\/wp\/v2\/pages"}],"about":[{"href":"https:\/\/cieloeste.es\/es\/wp-json\/wp\/v2\/types\/page"}],"author":[{"embeddable":true,"href":"https:\/\/cieloeste.es\/es\/wp-json\/wp\/v2\/users\/1"}],"replies":[{"embeddable":true,"href":"https:\/\/cieloeste.es\/es\/wp-json\/wp\/v2\/comments?post=4881"}],"version-history":[{"count":1,"href":"https:\/\/cieloeste.es\/es\/wp-json\/wp\/v2\/pages\/4881\/revisions"}],"predecessor-version":[{"id":4882,"href":"https:\/\/cieloeste.es\/es\/wp-json\/wp\/v2\/pages\/4881\/revisions\/4882"}],"wp:attachment":[{"href":"https:\/\/cieloeste.es\/es\/wp-json\/wp\/v2\/media?parent=4881"}],"curies":[{"name":"wp","href":"https:\/\/api.w.org\/{rel}","templated":true}]}}