{"id":4879,"date":"2021-10-26T05:57:13","date_gmt":"2021-10-26T05:57:13","guid":{"rendered":"https:\/\/cieloeste.ir\/?page_id=4879"},"modified":"2021-10-26T05:57:13","modified_gmt":"2021-10-26T05:57:13","slug":"materiales-de-cambio-de-fase-cielo","status":"publish","type":"page","link":"https:\/\/cieloeste.es\/es\/materiales-de-cambio-de-fase-cielo\/","title":{"rendered":"Materiales de Cambio de Fase Cielo"},"content":{"rendered":"<p>[vc_row][vc_column][vc_column_text]<\/p>\n<p style=\"text-align: justify;\">En Cielo Este nos esforzamos por conseguir un mayor desarrollo y asimilaci\u00f3n de tecnolog\u00edas avanzadas para lograr pr\u00e1cticas de consumo de energ\u00eda m\u00e1s inteligentes y sostenibles. Bajo la marca Cielo Sol dise\u00f1amos y producimos PCMs que se funden y solidifican a temperaturas concretas deseadas para su aplicaci\u00f3n, permitiendo ganar, almacenar y liberar energ\u00eda en el proceso termo-f\u00edsico. Un material de cambio de fase (PCM) es una sustancia con un calor de fusi\u00f3n alto el cual, fundi\u00e9ndose y solidific\u00e1ndose a una temperatura concreta, es capaz de almacenar y liberar grandes cantidades de energ\u00eda. El calor es absorbido o liberado cuando el material cambia de s\u00f3lido a l\u00edquido y viceversa; por tanto, los PCMs son clasificados como unidades de almacenamiento de calor latente (latent heat storage units o LHS). Cielo Este est\u00e1 altamente experimentada en el dise\u00f1o y producci\u00f3n de PCMs para ser utilizados para soluciones seguras, fiables y a buen precio proveyendo reservas pasivas de almacenamiento de calor para una amplia y variedad de industrias y aplicaciones, que no para de incrementar. Trabajamos de cerca con nuestros clientes para proporcionarles el PCM adecuado en una forma apropiada y con muchas posibilidades de paquetes de encapsulaci\u00f3n y contenedores tales como micro-encapsulaci\u00f3n, encapsulaci\u00f3n, losa, tubo, bola, bolsa, etc. Desarrollamos y manufacturamos un amplio rango de productos de PCM desde -30 hasta 600\u00b0C. Estos productos son fabricados y proporcionados seg\u00fan pedido. Cielo Este tambi\u00e9n ha desarrollado y patentado unas cuantas y \u00fanicas iniciativas de aplicaciones tales como materiales compuestos PCM super-reforzados para edificaci\u00f3n de exteriores, sistemas de aire acondicionado UPCH, soluciones de refrigeraci\u00f3n de centros de datos, etc. que est\u00e1n siendo presentadas en algunas regiones del mundo en concreto, en sectores industriales relevantes.<\/p>\n<p>[\/vc_column_text][\/vc_column][\/vc_row]<\/p>\n","protected":false},"excerpt":{"rendered":"<p>[vc_row][vc_column][vc_column_text] En Cielo Este nos esforzamos por conseguir un mayor desarrollo y asimilaci\u00f3n de tecnolog\u00edas avanzadas para lograr pr\u00e1cticas de consumo de energ\u00eda m\u00e1s inteligentes y sostenibles. Bajo la marca Cielo Sol dise\u00f1amos y producimos PCMs que se funden y solidifican a temperaturas concretas deseadas para su aplicaci\u00f3n, permitiendo ganar, almacenar y liberar energ\u00eda en &hellip; <a href=\"https:\/\/cieloeste.es\/es\/materiales-de-cambio-de-fase-cielo\/\" class=\"more-link\">Continue reading <span class=\"screen-reader-text\">Materiales de Cambio de Fase Cielo<\/span><\/a><\/p>\n","protected":false},"author":1,"featured_media":0,"parent":0,"menu_order":0,"comment_status":"closed","ping_status":"closed","template":"","meta":[],"_links":{"self":[{"href":"https:\/\/cieloeste.es\/es\/wp-json\/wp\/v2\/pages\/4879"}],"collection":[{"href":"https:\/\/cieloeste.es\/es\/wp-json\/wp\/v2\/pages"}],"about":[{"href":"https:\/\/cieloeste.es\/es\/wp-json\/wp\/v2\/types\/page"}],"author":[{"embeddable":true,"href":"https:\/\/cieloeste.es\/es\/wp-json\/wp\/v2\/users\/1"}],"replies":[{"embeddable":true,"href":"https:\/\/cieloeste.es\/es\/wp-json\/wp\/v2\/comments?post=4879"}],"version-history":[{"count":1,"href":"https:\/\/cieloeste.es\/es\/wp-json\/wp\/v2\/pages\/4879\/revisions"}],"predecessor-version":[{"id":4880,"href":"https:\/\/cieloeste.es\/es\/wp-json\/wp\/v2\/pages\/4879\/revisions\/4880"}],"wp:attachment":[{"href":"https:\/\/cieloeste.es\/es\/wp-json\/wp\/v2\/media?parent=4879"}],"curies":[{"name":"wp","href":"https:\/\/api.w.org\/{rel}","templated":true}]}}