{"id":4877,"date":"2021-10-26T05:54:57","date_gmt":"2021-10-26T05:54:57","guid":{"rendered":"https:\/\/cieloeste.ir\/?page_id=4877"},"modified":"2021-11-27T07:32:48","modified_gmt":"2021-11-27T07:32:48","slug":"dispositivos-electronicos-cielo","status":"publish","type":"page","link":"https:\/\/cieloeste.es\/es\/dispositivos-electronicos-cielo\/","title":{"rendered":"Dispositivos Electr\u00f3nicos Cielo"},"content":{"rendered":"<p>[vc_row][vc_column][vc_column_text]<\/p>\n<p style=\"text-align: justify;\">Producimos un diverso portfolio de dispositivos de control, protecci\u00f3n y distribuci\u00f3n el\u00e9ctrica bajo la marca Cielo Electric. Desarrollamos y fabricamos una amplia selecci\u00f3n de dispositivos de protecci\u00f3n de circuitos, interruptores de corriente y contactos para adaptarse a muchas aplicaciones diferentes. Estas se caracterizan por niveles muy altos de rendimiento con dimensiones limitadas, instalaci\u00f3n simple y una garant\u00eda cada vez mayor de seguridad. Nuestros MCB (Interruptores de corriente en miniatura), MCCB (interruptores de corriente de caja moldeada), SPD (dispositivos protectores de picos de tensi\u00f3n), etc. cumplen con los est\u00e1ndares relacionados y est\u00e1n certificados por autoridades independientes y aprobadas de testeo. Cielo Electric ofrece dispositivos con un amplio rango de tasas de corriente, capacidades de interrupci\u00f3n y corrientes de activaci\u00f3n de polo \u00fanico a 4-Polos.<\/p>\n<p>[\/vc_column_text][\/vc_column][\/vc_row]<\/p>\n","protected":false},"excerpt":{"rendered":"<p>[vc_row][vc_column][vc_column_text] Producimos un diverso portfolio de dispositivos de control, protecci\u00f3n y distribuci\u00f3n el\u00e9ctrica bajo la marca Cielo Electric. Desarrollamos y fabricamos una amplia selecci\u00f3n de dispositivos de protecci\u00f3n de circuitos, interruptores de corriente y contactos para adaptarse a muchas aplicaciones diferentes. Estas se caracterizan por niveles muy altos de rendimiento con dimensiones limitadas, instalaci\u00f3n simple &hellip; <a href=\"https:\/\/cieloeste.es\/es\/dispositivos-electronicos-cielo\/\" class=\"more-link\">Continue reading <span class=\"screen-reader-text\">Dispositivos Electr\u00f3nicos Cielo<\/span><\/a><\/p>\n","protected":false},"author":1,"featured_media":0,"parent":0,"menu_order":0,"comment_status":"closed","ping_status":"closed","template":"","meta":[],"_links":{"self":[{"href":"https:\/\/cieloeste.es\/es\/wp-json\/wp\/v2\/pages\/4877"}],"collection":[{"href":"https:\/\/cieloeste.es\/es\/wp-json\/wp\/v2\/pages"}],"about":[{"href":"https:\/\/cieloeste.es\/es\/wp-json\/wp\/v2\/types\/page"}],"author":[{"embeddable":true,"href":"https:\/\/cieloeste.es\/es\/wp-json\/wp\/v2\/users\/1"}],"replies":[{"embeddable":true,"href":"https:\/\/cieloeste.es\/es\/wp-json\/wp\/v2\/comments?post=4877"}],"version-history":[{"count":2,"href":"https:\/\/cieloeste.es\/es\/wp-json\/wp\/v2\/pages\/4877\/revisions"}],"predecessor-version":[{"id":6392,"href":"https:\/\/cieloeste.es\/es\/wp-json\/wp\/v2\/pages\/4877\/revisions\/6392"}],"wp:attachment":[{"href":"https:\/\/cieloeste.es\/es\/wp-json\/wp\/v2\/media?parent=4877"}],"curies":[{"name":"wp","href":"https:\/\/api.w.org\/{rel}","templated":true}]}}